{"id":1260,"date":"2022-08-16T15:37:54","date_gmt":"2022-08-16T15:37:54","guid":{"rendered":"https:\/\/anmeldung.ms-cw.de\/?page_id=1260"},"modified":"2023-04-15T19:05:57","modified_gmt":"2023-04-15T19:05:57","slug":"anmeldung-zum-gitarrenensemble-fuer-kinder-ab-11-jahren","status":"publish","type":"page","link":"https:\/\/anmeldung.ms-cw.de\/?page_id=1260","title":{"rendered":"Anmeldung zum Gitarrenensemble f\u00fcr Jugendliche ab 11 Jahren"},"content":{"rendered":"\n<div class=\"wp-block-columns is-layout-flex wp-container-core-columns-is-layout-9d6595d7 wp-block-columns-is-layout-flex\">\n<div class=\"wp-block-column is-vertically-aligned-center is-layout-flow wp-block-column-is-layout-flow\">\n<img decoding=\"async\" class=\"wp-image-8\" style=\"width: 180px;\" src=\"https:\/\/anmeldung.ms-cw.de\/wp-content\/uploads\/2023\/03\/100MS-logo.jpg\" alt=\"\">\n<\/div>\n\n\n\n<div class=\"wp-block-column is-vertically-aligned-center is-layout-flow wp-block-column-is-layout-flow\">\n<img decoding=\"async\" class=\"wp-image-1605\" style=\"width: 220px;\" src=\"https:\/\/anmeldung.ms-cw.de\/wp-content\/uploads\/2020\/01\/Logo_780_280-1.jpg\" alt=\"\">\n<\/div>\n<\/div>\n\n\n<div class=\"wpforms-container wpforms-container-full wpforms-container-save-resume wpforms-block\" id=\"wpforms-1252\"><form id=\"wpforms-form-1252\" class=\"wpforms-validate wpforms-form\" data-formid=\"1252\" method=\"post\" enctype=\"multipart\/form-data\" action=\"\/index.php?rest_route=%2Fwp%2Fv2%2Fpages%2F1260\" data-token=\"7e1e48f005e7cee087424488b7ac6795\" data-token-time=\"1778985946\"><noscript class=\"wpforms-error-noscript\">Bitte aktiviere JavaScript in deinem Browser, um dieses Formular fertigzustellen.<\/noscript><div class=\"wpforms-field-container\"><div id=\"wpforms-1252-field_3-container\" class=\"wpforms-field wpforms-field-html\" data-field-id=\"3\"><div id=\"wpforms-1252-field_3\"><p><strong>Hinweis:<\/strong> Das Formular kann nur abgesendet werden, wenn im Browser Cookies akzeptiert werden.\r\nEs enth\u00e4lt Pflichtfelder, die ausgef\u00fcllt werden m\u00fcssen.\r\nPflichtfelder sind mit einem Stern * markiert.\r\n<\/p><\/div><\/div><div id=\"wpforms-1252-field_71-container\" class=\"wpforms-field wpforms-field-html\" data-field-id=\"71\"><div id=\"wpforms-1252-field_71\"><p style = \"font-family:arial; font-size:20px; font-style:normal; Font-weight:bold\">\r\nHiermit melde ich mich an zum:\r\n<\/p><\/div><\/div><div id=\"wpforms-1252-field_72-container\" class=\"wpforms-field wpforms-field-html\" data-field-id=\"72\"><div id=\"wpforms-1252-field_72\"><p style = \"font-family:arial; font-size:28px; font-style:normal; Font-weight:bold\">\r\nGitarrenensemble Schmargendorf der Musikschule City West\r\n<\/p><\/div><\/div><div id=\"wpforms-1252-field_77-container\" class=\"wpforms-field wpforms-field-html\" data-field-id=\"77\"><div id=\"wpforms-1252-field_77\"><p style = \"font-family:arial; font-size:18px; font-style:normal; Font-weight:normal\">\r\nLeitung: Christian Sch\u00fctt <br \/>\r\nOrt: Rathaus Schmargendorf, Raum 208 <br \/>\r\nZeit: montags, 18:10 &#8211; 19:40 Uhr <br \/>\r\nw\u00f6chentlicher Kurs &#8211; in den Schulferien finden keine Proben statt <br \/>\r\n<br \/>\r\nTeilnahmevoraussetzung: Kenntnis der T\u00f6ne in der 1. Lage mit und ohne Vorzeichen, erstes Lagenspiel sowie das Beherrschen des Daumen- und Wechselschlags\r\n<\/p><\/div><\/div><div id=\"wpforms-1252-field_78-container\" class=\"wpforms-field wpforms-field-html\" data-field-id=\"78\"><div id=\"wpforms-1252-field_78\"><p style = \"font-family:arial; font-size:18px; font-style:normal; Font-weight:bold\">\r\nBitte mitbringen: Instrument, Fu\u00dfbank, Ringordner (f\u00fcr Noten), Bleistift\r\n<\/p><\/div><\/div><div id=\"wpforms-1252-field_73-container\" class=\"wpforms-field wpforms-field-html\" data-field-id=\"73\"><div id=\"wpforms-1252-field_73\"><p style = \"font-family:arial; font-size:20px; color: #0894DA; font-style:normal; Font-weight:bold\">1. Angaben zum Teilnehmer\/zur Teilnehmerin<\/p><\/div><\/div><div id=\"wpforms-1252-field_1-container\" class=\"wpforms-field wpforms-field-text wpforms-one-half wpforms-first\" data-field-id=\"1\"><label class=\"wpforms-field-label\" for=\"wpforms-1252-field_1\">Nachname <span class=\"wpforms-required-label\">*<\/span><\/label><input type=\"text\" id=\"wpforms-1252-field_1\" class=\"wpforms-field-large wpforms-field-required\" name=\"wpforms[fields][1]\" required><\/div><div id=\"wpforms-1252-field_2-container\" class=\"wpforms-field wpforms-field-text wpforms-one-half\" data-field-id=\"2\"><label class=\"wpforms-field-label\" for=\"wpforms-1252-field_2\">Vorname <span class=\"wpforms-required-label\">*<\/span><\/label><input type=\"text\" id=\"wpforms-1252-field_2\" class=\"wpforms-field-large wpforms-field-required\" name=\"wpforms[fields][2]\" required><\/div><div id=\"wpforms-1252-field_41-container\" class=\"wpforms-field wpforms-field-text wpforms-one-half wpforms-first\" data-field-id=\"41\"><label class=\"wpforms-field-label\" for=\"wpforms-1252-field_41\">Geburtsdatum <span class=\"wpforms-required-label\">*<\/span><\/label><input type=\"text\" id=\"wpforms-1252-field_41\" class=\"wpforms-field-medium wpforms-field-required\" name=\"wpforms[fields][41]\" placeholder=\"01.01.2022\" required><\/div><div id=\"wpforms-1252-field_6-container\" class=\"wpforms-field wpforms-field-checkbox wpforms-one-half wpforms-list-inline\" data-field-id=\"6\"><label class=\"wpforms-field-label\">Geschlecht <span class=\"wpforms-required-label\">*<\/span><\/label><ul id=\"wpforms-1252-field_6\" class=\"wpforms-field-required\" data-choice-limit=\"1\"><li class=\"choice-1 depth-1\"><input type=\"checkbox\" id=\"wpforms-1252-field_6_1\" data-rule-check-limit=\"true\" name=\"wpforms[fields][6][]\" value=\"m\u00e4nnlich\" required ><label class=\"wpforms-field-label-inline\" for=\"wpforms-1252-field_6_1\">m\u00e4nnlich<\/label><\/li><li class=\"choice-2 depth-1\"><input type=\"checkbox\" id=\"wpforms-1252-field_6_2\" data-rule-check-limit=\"true\" name=\"wpforms[fields][6][]\" value=\"weiblich\" required ><label class=\"wpforms-field-label-inline\" for=\"wpforms-1252-field_6_2\">weiblich<\/label><\/li><li class=\"choice-3 depth-1\"><input type=\"checkbox\" id=\"wpforms-1252-field_6_3\" data-rule-check-limit=\"true\" name=\"wpforms[fields][6][]\" value=\"divers\" required ><label class=\"wpforms-field-label-inline\" for=\"wpforms-1252-field_6_3\">divers<\/label><\/li><\/ul><\/div><div id=\"wpforms-1252-field_42-container\" class=\"wpforms-field wpforms-field-text wpforms-one-half wpforms-first\" data-field-id=\"42\"><label class=\"wpforms-field-label\" for=\"wpforms-1252-field_42\">1. Telefon <span class=\"wpforms-required-label\">*<\/span><\/label><input type=\"text\" id=\"wpforms-1252-field_42\" class=\"wpforms-field-large wpforms-field-required\" name=\"wpforms[fields][42]\" placeholder=\"030\/123 456 78\" required><\/div><div id=\"wpforms-1252-field_43-container\" class=\"wpforms-field wpforms-field-text wpforms-one-half\" data-field-id=\"43\"><label class=\"wpforms-field-label\" for=\"wpforms-1252-field_43\">2. Telefon<\/label><input type=\"text\" id=\"wpforms-1252-field_43\" class=\"wpforms-field-large\" name=\"wpforms[fields][43]\" placeholder=\"+49 170 123 45 67\" ><\/div><div id=\"wpforms-1252-field_8-container\" class=\"wpforms-field wpforms-field-text wpforms-two-thirds wpforms-first\" data-field-id=\"8\"><label class=\"wpforms-field-label\" for=\"wpforms-1252-field_8\">Stra\u00dfe <span class=\"wpforms-required-label\">*<\/span><\/label><input type=\"text\" id=\"wpforms-1252-field_8\" class=\"wpforms-field-large wpforms-field-required\" name=\"wpforms[fields][8]\" required><\/div><div id=\"wpforms-1252-field_55-container\" class=\"wpforms-field wpforms-field-text wpforms-one-third\" data-field-id=\"55\"><label class=\"wpforms-field-label\" for=\"wpforms-1252-field_55\">Hausnummer <span class=\"wpforms-required-label\">*<\/span><\/label><input type=\"text\" id=\"wpforms-1252-field_55\" class=\"wpforms-field-medium wpforms-field-required\" name=\"wpforms[fields][55]\" required><\/div><div id=\"wpforms-1252-field_9-container\" class=\"wpforms-field wpforms-field-text wpforms-one-third wpforms-first\" data-field-id=\"9\"><label class=\"wpforms-field-label\" for=\"wpforms-1252-field_9\">PLZ <span class=\"wpforms-required-label\">*<\/span><\/label><input type=\"text\" id=\"wpforms-1252-field_9\" class=\"wpforms-field-large wpforms-field-required\" name=\"wpforms[fields][9]\" required><\/div><div id=\"wpforms-1252-field_10-container\" class=\"wpforms-field wpforms-field-text wpforms-two-thirds\" data-field-id=\"10\"><label class=\"wpforms-field-label\" for=\"wpforms-1252-field_10\">Ort <span class=\"wpforms-required-label\">*<\/span><\/label><input type=\"text\" id=\"wpforms-1252-field_10\" class=\"wpforms-field-large wpforms-field-required\" name=\"wpforms[fields][10]\" required><\/div><div id=\"wpforms-1252-field_81-container\" class=\"wpforms-field wpforms-field-text\" data-field-id=\"81\"><label class=\"wpforms-field-label\" for=\"wpforms-1252-field_81\">Gitarrenunterricht in Jahren <span class=\"wpforms-required-label\">*<\/span><\/label><input type=\"text\" id=\"wpforms-1252-field_81\" class=\"wpforms-field-medium wpforms-field-required\" name=\"wpforms[fields][81]\" placeholder=\"1,5\" required><\/div><div id=\"wpforms-1252-field_76-container\" class=\"wpforms-field wpforms-field-html\" data-field-id=\"76\"><div id=\"wpforms-1252-field_76\"><p style = \"font-family:arial; font-size:20px; color: #0894DA; font-style:normal; Font-weight:bold\">2. Weitere Angaben<\/p><\/div><\/div><div id=\"wpforms-1252-field_18-container\" class=\"wpforms-field wpforms-field-html\" data-field-id=\"18\"><div id=\"wpforms-1252-field_18\"><p style = \"font-family:arial; font-size:20px; font-style:normal; Font-weight:bold\">Angaben zu Eltern, Erziehungsberechtigten, gesetzlichen Vertretern oder Anmeldenden f\u00fcr andere Teilnehmer*innen<\/p><\/div><\/div><div id=\"wpforms-1252-field_19-container\" class=\"wpforms-field wpforms-field-html\" data-field-id=\"19\"><div id=\"wpforms-1252-field_19\"><p>\r\nBitte f\u00fcllen Sie lediglich die Felder aus, deren Inhalt sich von den Teilnehmerdaten unterscheidet.\r\n<\/p><\/div><\/div><div id=\"wpforms-1252-field_20-container\" class=\"wpforms-field wpforms-field-text wpforms-one-half wpforms-first\" data-field-id=\"20\"><label class=\"wpforms-field-label\" for=\"wpforms-1252-field_20\">Nachname<\/label><input type=\"text\" id=\"wpforms-1252-field_20\" class=\"wpforms-field-large\" name=\"wpforms[fields][20]\" ><\/div><div id=\"wpforms-1252-field_22-container\" class=\"wpforms-field wpforms-field-text wpforms-one-half\" data-field-id=\"22\"><label class=\"wpforms-field-label\" for=\"wpforms-1252-field_22\">Vorname<\/label><input type=\"text\" id=\"wpforms-1252-field_22\" class=\"wpforms-field-large\" name=\"wpforms[fields][22]\" ><\/div><div id=\"wpforms-1252-field_23-container\" class=\"wpforms-field wpforms-field-checkbox wpforms-list-inline\" data-field-id=\"23\"><label class=\"wpforms-field-label\">Geschlecht<\/label><ul id=\"wpforms-1252-field_23\" data-choice-limit=\"1\"><li class=\"choice-1 depth-1\"><input type=\"checkbox\" id=\"wpforms-1252-field_23_1\" data-rule-check-limit=\"true\" name=\"wpforms[fields][23][]\" value=\"m\u00e4nnlich\"  ><label class=\"wpforms-field-label-inline\" for=\"wpforms-1252-field_23_1\">m\u00e4nnlich<\/label><\/li><li class=\"choice-2 depth-1\"><input type=\"checkbox\" id=\"wpforms-1252-field_23_2\" data-rule-check-limit=\"true\" name=\"wpforms[fields][23][]\" value=\"weiblich\"  ><label class=\"wpforms-field-label-inline\" for=\"wpforms-1252-field_23_2\">weiblich<\/label><\/li><li class=\"choice-3 depth-1\"><input type=\"checkbox\" id=\"wpforms-1252-field_23_3\" data-rule-check-limit=\"true\" name=\"wpforms[fields][23][]\" value=\"divers\"  ><label class=\"wpforms-field-label-inline\" for=\"wpforms-1252-field_23_3\">divers<\/label><\/li><\/ul><\/div><div id=\"wpforms-1252-field_21-container\" class=\"wpforms-field wpforms-field-text wpforms-one-half wpforms-first\" data-field-id=\"21\"><label class=\"wpforms-field-label\" for=\"wpforms-1252-field_21\">1. Telefon<\/label><input type=\"text\" id=\"wpforms-1252-field_21\" class=\"wpforms-field-large\" name=\"wpforms[fields][21]\" placeholder=\"030\/123 456 78\" ><\/div><div id=\"wpforms-1252-field_24-container\" class=\"wpforms-field wpforms-field-text wpforms-one-half\" data-field-id=\"24\"><label class=\"wpforms-field-label\" for=\"wpforms-1252-field_24\">2. Telefon<\/label><input type=\"text\" id=\"wpforms-1252-field_24\" class=\"wpforms-field-large\" name=\"wpforms[fields][24]\" placeholder=\"+49 170 123 45 67\" ><\/div><div id=\"wpforms-1252-field_26-container\" class=\"wpforms-field wpforms-field-text wpforms-two-thirds wpforms-first\" data-field-id=\"26\"><label class=\"wpforms-field-label\" for=\"wpforms-1252-field_26\">Stra\u00dfe<\/label><input type=\"text\" id=\"wpforms-1252-field_26\" class=\"wpforms-field-large\" name=\"wpforms[fields][26]\" ><\/div><div id=\"wpforms-1252-field_56-container\" class=\"wpforms-field wpforms-field-text wpforms-one-third\" data-field-id=\"56\"><label class=\"wpforms-field-label\" for=\"wpforms-1252-field_56\">Hausnummer<\/label><input type=\"text\" id=\"wpforms-1252-field_56\" class=\"wpforms-field-small\" name=\"wpforms[fields][56]\" ><\/div><div id=\"wpforms-1252-field_63-container\" class=\"wpforms-field wpforms-field-text wpforms-one-third wpforms-first\" data-field-id=\"63\"><label class=\"wpforms-field-label\" for=\"wpforms-1252-field_63\">PLZ<\/label><input type=\"text\" id=\"wpforms-1252-field_63\" class=\"wpforms-field-large\" name=\"wpforms[fields][63]\" ><\/div><div id=\"wpforms-1252-field_28-container\" class=\"wpforms-field wpforms-field-text wpforms-two-thirds\" data-field-id=\"28\"><label class=\"wpforms-field-label\" for=\"wpforms-1252-field_28\">Ort<\/label><input type=\"text\" id=\"wpforms-1252-field_28\" class=\"wpforms-field-large\" name=\"wpforms[fields][28]\" ><\/div><div id=\"wpforms-1252-field_61-container\" class=\"wpforms-field wpforms-field-html\" data-field-id=\"61\"><div id=\"wpforms-1252-field_61\"><p style = \"font-family:arial;color: #0894DA; font-size:20px; font-weight:bold\">3. Angaben zur Lehrkraft <\/p><\/div><\/div><div id=\"wpforms-1252-field_68-container\" class=\"wpforms-field wpforms-field-text\" data-field-id=\"68\"><label class=\"wpforms-field-label\" for=\"wpforms-1252-field_68\">Name: <span class=\"wpforms-required-label\">*<\/span><\/label><input type=\"text\" id=\"wpforms-1252-field_68\" class=\"wpforms-field-medium wpforms-field-required\" name=\"wpforms[fields][68]\" required><div class=\"wpforms-field-description\">Die Lehrkraft muss nicht von der Musikschule City West sein. Wenn es keine Lehrkraft gibt, bitte die Angabe: Keine<\/div><\/div><div id=\"wpforms-1252-field_69-container\" class=\"wpforms-field wpforms-field-email\" data-field-id=\"69\"><label class=\"wpforms-field-label\" for=\"wpforms-1252-field_69\">E-Mail<\/label><input type=\"email\" id=\"wpforms-1252-field_69\" class=\"wpforms-field-medium\" name=\"wpforms[fields][69]\" placeholder=\"Vorname.Nachname@berlin.de\" spellcheck=\"false\" ><\/div><div id=\"wpforms-1252-field_46-container\" class=\"wpforms-field wpforms-field-html\" data-field-id=\"46\"><div id=\"wpforms-1252-field_46\"><p style = \"font-family:arial; color: #0894DA; font-size:20px; font-style:normal; Font-weight:bold\">4. Fertigstellung der Anmeldung<\/p><\/div><\/div><div id=\"wpforms-1252-field_47-container\" class=\"wpforms-field wpforms-field-email\" data-field-id=\"47\"><label class=\"wpforms-field-label\" for=\"wpforms-1252-field_47\">Ihre E-Mail <span class=\"wpforms-required-label\">*<\/span><\/label><input type=\"email\" id=\"wpforms-1252-field_47\" class=\"wpforms-field-medium wpforms-field-required\" name=\"wpforms[fields][47]\" placeholder=\"Vorname.Nachname@berlin.de\" spellcheck=\"false\" required><\/div><div id=\"wpforms-1252-field_64-container\" class=\"wpforms-field wpforms-field-email\" data-field-id=\"64\"><label class=\"wpforms-field-label\" for=\"wpforms-1252-field_64\">Falls die Anmeldung nicht f\u00fcr Sie selbst ist, bitte hier auch die E-Mail des Sch\u00fclers bzw. der Sch\u00fclerin<\/label><input type=\"email\" id=\"wpforms-1252-field_64\" class=\"wpforms-field-medium\" name=\"wpforms[fields][64]\" spellcheck=\"false\" ><\/div><div id=\"wpforms-1252-field_48-container\" class=\"wpforms-field wpforms-field-gdpr-checkbox\" data-field-id=\"48\"><label class=\"wpforms-field-label\">DSGVO-Einverst\u00e4ndnis <span class=\"wpforms-required-label\">*<\/span><\/label><ul id=\"wpforms-1252-field_48\" class=\"wpforms-field-required\"><li class=\"choice-1\"><input type=\"checkbox\" id=\"wpforms-1252-field_48_1\" name=\"wpforms[fields][48][]\" value=\"Ich willige in die Verarbeitung meiner Daten zur Bearbeitung der Anfrage ein. Wenn es zur Beantwortung notwendig ist, darf die Anfrage an die zust\u00e4ndige Stelle weitergeleitet werden. Diese Einwilligung kann jederzeit mit Wirkung f\u00fcr die Zukunft beschr\u00e4nkt oder widerrufen werden. \u00dcbermittlungen, die bis zum Zeitpunkt des Widerrufs get\u00e4tigt wurden, bleiben davon unber\u00fchrt. Weitere Informationen und Widerrufshinweise finden Sie in der Datenschutzerkl\u00e4rung.\" required ><label class=\"wpforms-field-label-inline\" for=\"wpforms-1252-field_48_1\">Ich willige in die Verarbeitung meiner Daten zur Bearbeitung der Anfrage ein. Wenn es zur Beantwortung notwendig ist, darf die Anfrage an die zust\u00e4ndige Stelle weitergeleitet werden. Diese Einwilligung kann jederzeit mit Wirkung f\u00fcr die Zukunft beschr\u00e4nkt oder widerrufen werden. \u00dcbermittlungen, die bis zum Zeitpunkt des Widerrufs get\u00e4tigt wurden, bleiben davon unber\u00fchrt. Weitere Informationen und Widerrufshinweise finden Sie in der Datenschutzerkl\u00e4rung.<\/label><\/li><\/ul><\/div><div id=\"wpforms-1252-field_39-container\" class=\"wpforms-field wpforms-field-html\" data-field-id=\"39\"><div id=\"wpforms-1252-field_39\"><p style = \"font-family:arial; font-size:28px; font-style:normal; Font-weight:bold\"; color:red>Kontakt zum Datenschutzbeauftragten<\/p><\/div><\/div><div id=\"wpforms-1252-field_40-container\" class=\"wpforms-field wpforms-field-html\" data-field-id=\"40\"><div id=\"wpforms-1252-field_40\"><p><strong>Helmut Weber<\/strong>\r\n<br \/>\r\nBezirksamt Charlottenburg-Wilmersdorf von Berlin<br \/>\r\nAbteilung Personal und Finanzen<br \/>\r\nBeh\u00f6rdlicher Datenschutzbeauftragter<br \/>\r\nHerr Weber<br \/>\r\nOtto-Suhr-Allee 100<br \/>\r\n10585 Berlin\r\n<br \/>\r\n<br \/>\r\n<strong>E-Mail:<\/strong><a href=\"mailto:datenschutz@charlottenburg-wilmersdorf.de\"> Kontakt<\/a>\r\n<br \/>\r\n<a href=\"http:\/\/www.berlin.de\/ba-charlottenburg-wilmersdorf\/verwaltung\/beauftragte\/datenschutz\/\">Hinweise zum Datenschutz<\/a><\/p><\/div><\/div><div id=\"wpforms-1252-field_36-container\" class=\"wpforms-field wpforms-field-html\" data-field-id=\"36\"><div id=\"wpforms-1252-field_36\"><p><strong>\r\nPr\u00fcfen Sie bitte die korrekte Eingabe Ihrer Daten. Klicken Sie dann unten auf das Feld &#8220;Absenden&#8221;. Sie sehen eine Best\u00e4tigung, dass Ihre Anmeldung bei der Musikschule eingegangen ist, und Sie erhalten zus\u00e4tzlich eine Mail, die Ihre Formulardaten zusammenfasst.\r\n<\/strong>\r\n<\/p><\/div><\/div><\/div><!-- .wpforms-field-container --><div class=\"wpforms-field wpforms-field-hp\"><label for=\"wpforms-1252-field-hp\" class=\"wpforms-field-label\">Comment<\/label><input type=\"text\" name=\"wpforms[hp]\" id=\"wpforms-1252-field-hp\" class=\"wpforms-field-medium\"><\/div><div class=\"wpforms-submit-container\" ><input type=\"hidden\" name=\"wpforms[id]\" value=\"1252\"><input type=\"hidden\" name=\"page_title\" value=\"\"><input type=\"hidden\" name=\"page_url\" value=\"https:\/\/anmeldung.ms-cw.de\/index.php?rest_route=\/wp\/v2\/pages\/1260\"><input type=\"hidden\" name=\"url_referer\" value=\"\"><button type=\"submit\" name=\"wpforms[submit]\" id=\"wpforms-submit-1252\" class=\"wpforms-submit\" data-alt-text=\"Senden...\" data-submit-text=\"Absenden\" aria-live=\"assertive\" value=\"wpforms-submit\">Absenden<\/button><\/div><\/form><\/div>  <!-- .wpforms-container -->\n\n\n<p><\/p>\n","protected":false},"excerpt":{"rendered":"","protected":false},"author":6,"featured_media":0,"parent":0,"menu_order":0,"comment_status":"closed","ping_status":"closed","template":"","meta":{"footnotes":""},"class_list":["post-1260","page","type-page","status-publish","hentry"],"_links":{"self":[{"href":"https:\/\/anmeldung.ms-cw.de\/index.php?rest_route=\/wp\/v2\/pages\/1260","targetHints":{"allow":["GET"]}}],"collection":[{"href":"https:\/\/anmeldung.ms-cw.de\/index.php?rest_route=\/wp\/v2\/pages"}],"about":[{"href":"https:\/\/anmeldung.ms-cw.de\/index.php?rest_route=\/wp\/v2\/types\/page"}],"author":[{"embeddable":true,"href":"https:\/\/anmeldung.ms-cw.de\/index.php?rest_route=\/wp\/v2\/users\/6"}],"replies":[{"embeddable":true,"href":"https:\/\/anmeldung.ms-cw.de\/index.php?rest_route=%2Fwp%2Fv2%2Fcomments&post=1260"}],"version-history":[{"count":4,"href":"https:\/\/anmeldung.ms-cw.de\/index.php?rest_route=\/wp\/v2\/pages\/1260\/revisions"}],"predecessor-version":[{"id":4978,"href":"https:\/\/anmeldung.ms-cw.de\/index.php?rest_route=\/wp\/v2\/pages\/1260\/revisions\/4978"}],"wp:attachment":[{"href":"https:\/\/anmeldung.ms-cw.de\/index.php?rest_route=%2Fwp%2Fv2%2Fmedia&parent=1260"}],"curies":[{"name":"wp","href":"https:\/\/api.w.org\/{rel}","templated":true}]}}