{"id":3294,"date":"2024-08-30T18:27:22","date_gmt":"2024-08-30T18:27:22","guid":{"rendered":"https:\/\/anmeldung.ms-cw.de\/?page_id=3294"},"modified":"2026-03-31T11:01:53","modified_gmt":"2026-03-31T09:01:53","slug":"anmeldung-gemeinsam-musizieren","status":"publish","type":"page","link":"https:\/\/anmeldung.ms-cw.de\/?page_id=3294","title":{"rendered":"Anmeldung Gemeinsam spielen"},"content":{"rendered":"\n<p><\/p>\n\n\n\n<p><\/p>\n\n\n\n<div class=\"wp-block-columns is-layout-flex wp-container-core-columns-is-layout-9d6595d7 wp-block-columns-is-layout-flex\">\n<div class=\"wp-block-column is-vertically-aligned-center is-layout-flow wp-block-column-is-layout-flow\">\n<img decoding=\"async\" class=\"wp-image-1605\" style=\"width: 220px;\" src=\"https:\/\/anmeldung.ms-cw.de\/wp-content\/uploads\/2020\/01\/Logo_780_280-1.jpg\" alt=\"\">\n<\/div>\n<\/div>\n\n\n<div class=\"wpforms-container wpforms-container-full wpforms-container-save-resume wpforms-block wpforms-block-826a020e-d35e-4ab1-9c1a-dadd87bcbc65\" id=\"wpforms-3288\"><form id=\"wpforms-form-3288\" class=\"wpforms-validate wpforms-form\" data-formid=\"3288\" method=\"post\" enctype=\"multipart\/form-data\" action=\"\/index.php?rest_route=%2Fwp%2Fv2%2Fpages%2F3294\" data-token=\"e287b5074ae2358b3a89b2d27b92cf47\" data-token-time=\"1776799241\"><noscript class=\"wpforms-error-noscript\">Bitte aktiviere JavaScript in deinem Browser, um dieses Formular fertigzustellen.<\/noscript><div class=\"wpforms-field-container\"><div id=\"wpforms-3288-field_3-container\" class=\"wpforms-field wpforms-field-html\" data-field-id=\"3\"><div id=\"wpforms-3288-field_3\"><p style = \"font-family:arial; font-size:14px; font-style:normal\">Hinweis: Sie k\u00f6nnen dieses Formular nur absenden, wenn in Ihrem Browser Cookies akzeptiert werden. Dieses Formular enth\u00e4lt Pflichtfelder, die ausgef\u00fcllt werden m\u00fcssen.\r\nPflichtfelder sind mit einem Stern * markiert.\r\n<\/p>\r\n<\/div><\/div><div id=\"wpforms-3288-field_71-container\" class=\"wpforms-field wpforms-field-html\" data-field-id=\"71\"><div id=\"wpforms-3288-field_71\"><p style = \"font-family:arial; font-size:20px; font-style:normal; Font-weight:bold\">\r\nHiermit melde ich mich zu dem Kurs &#8220;Gemeinsam spielen&#8221; an der Musikschule City West an.<\/p><\/div><\/div><div id=\"wpforms-3288-field_73-container\" class=\"wpforms-field wpforms-field-html\" data-field-id=\"73\"><div id=\"wpforms-3288-field_73\"><p style = \"font-family:arial; font-size:20px; color: #0894DA; font-style:normal; Font-weight:bold\">1. Angaben zum Teilnehmer\/zur Teilnehmerin<\/p><\/div><\/div><div id=\"wpforms-3288-field_1-container\" class=\"wpforms-field wpforms-field-text wpforms-one-half wpforms-first\" data-field-id=\"1\"><label class=\"wpforms-field-label\" for=\"wpforms-3288-field_1\">Nachname <span class=\"wpforms-required-label\">*<\/span><\/label><input type=\"text\" id=\"wpforms-3288-field_1\" class=\"wpforms-field-large wpforms-field-required\" name=\"wpforms[fields][1]\" required><\/div><div id=\"wpforms-3288-field_2-container\" class=\"wpforms-field wpforms-field-text wpforms-one-half\" data-field-id=\"2\"><label class=\"wpforms-field-label\" for=\"wpforms-3288-field_2\">Vorname <span class=\"wpforms-required-label\">*<\/span><\/label><input type=\"text\" id=\"wpforms-3288-field_2\" class=\"wpforms-field-large wpforms-field-required\" name=\"wpforms[fields][2]\" required><\/div><div id=\"wpforms-3288-field_6-container\" class=\"wpforms-field wpforms-field-checkbox wpforms-one-half wpforms-first wpforms-list-inline\" data-field-id=\"6\"><label class=\"wpforms-field-label\">Geschlecht <span class=\"wpforms-required-label\">*<\/span><\/label><ul id=\"wpforms-3288-field_6\" class=\"wpforms-field-required\" data-choice-limit=\"1\"><li class=\"choice-1 depth-1\"><input type=\"checkbox\" id=\"wpforms-3288-field_6_1\" data-rule-check-limit=\"true\" name=\"wpforms[fields][6][]\" value=\"m\u00e4nnlich\" required ><label class=\"wpforms-field-label-inline\" for=\"wpforms-3288-field_6_1\">m\u00e4nnlich<\/label><\/li><li class=\"choice-2 depth-1\"><input type=\"checkbox\" id=\"wpforms-3288-field_6_2\" data-rule-check-limit=\"true\" name=\"wpforms[fields][6][]\" value=\"weiblich\" required ><label class=\"wpforms-field-label-inline\" for=\"wpforms-3288-field_6_2\">weiblich<\/label><\/li><li class=\"choice-3 depth-1\"><input type=\"checkbox\" id=\"wpforms-3288-field_6_3\" data-rule-check-limit=\"true\" name=\"wpforms[fields][6][]\" value=\"divers\" required ><label class=\"wpforms-field-label-inline\" for=\"wpforms-3288-field_6_3\">divers<\/label><\/li><\/ul><\/div><div id=\"wpforms-3288-field_41-container\" class=\"wpforms-field wpforms-field-text wpforms-one-half\" data-field-id=\"41\"><label class=\"wpforms-field-label\" for=\"wpforms-3288-field_41\">Geburtsdatum <span class=\"wpforms-required-label\">*<\/span><\/label><input type=\"text\" id=\"wpforms-3288-field_41\" class=\"wpforms-field-medium wpforms-field-required wpforms-masked-input\" data-rule-inputmask-incomplete=\"1\" data-inputmask-mask=\"99.99.9999\" name=\"wpforms[fields][41]\" placeholder=\"01.01.2017\" required><div class=\"wpforms-field-description\">nicht aktuelles Datum<\/div><\/div><div id=\"wpforms-3288-field_42-container\" class=\"wpforms-field wpforms-field-text wpforms-one-half wpforms-first\" data-field-id=\"42\"><label class=\"wpforms-field-label\" for=\"wpforms-3288-field_42\">Telefonnummer <span class=\"wpforms-required-label\">*<\/span><\/label><input type=\"text\" id=\"wpforms-3288-field_42\" class=\"wpforms-field-medium wpforms-field-required\" name=\"wpforms[fields][42]\" placeholder=\"0170 1234567\" required><\/div><div id=\"wpforms-3288-field_85-container\" class=\"wpforms-field wpforms-field-email wpforms-one-half\" data-field-id=\"85\"><label class=\"wpforms-field-label\" for=\"wpforms-3288-field_85\">E-Mail <span class=\"wpforms-required-label\">*<\/span><\/label><input type=\"email\" id=\"wpforms-3288-field_85\" class=\"wpforms-field-large wpforms-field-required\" name=\"wpforms[fields][85]\" placeholder=\"Vorname.Nachname@berlin.de\" spellcheck=\"false\" required><\/div><div id=\"wpforms-3288-field_46-container\" class=\"wpforms-field wpforms-field-html\" data-field-id=\"46\"><div id=\"wpforms-3288-field_46\"><p style = \"font-family:arial; color: #0894DA; font-size:20px; font-style:normal; Font-weight:bold\">2. Fertigstellung der Anmeldung<\/p><\/div><\/div><div id=\"wpforms-3288-field_48-container\" class=\"wpforms-field wpforms-field-gdpr-checkbox\" data-field-id=\"48\"><label class=\"wpforms-field-label\">DSGVO-Einverst\u00e4ndnis <span class=\"wpforms-required-label\">*<\/span><\/label><ul id=\"wpforms-3288-field_48\" class=\"wpforms-field-required\"><li class=\"choice-1\"><input type=\"checkbox\" id=\"wpforms-3288-field_48_1\" name=\"wpforms[fields][48][]\" value=\"Ich willige in die Verarbeitung meiner Daten zur Bearbeitung der Anfrage ein. Wenn es zur Beantwortung notwendig ist, darf die Anfrage an die zust\u00e4ndige Stelle weitergeleitet werden. Diese Einwilligung kann jederzeit mit Wirkung f\u00fcr die Zukunft beschr\u00e4nkt oder widerrufen werden. \u00dcbermittlungen, die bis zum Zeitpunkt des Widerrufs get\u00e4tigt wurden, bleiben davon unber\u00fchrt. Weitere Informationen und Widerrufshinweise finden Sie in der Datenschutzerkl\u00e4rung.\" required ><label class=\"wpforms-field-label-inline\" for=\"wpforms-3288-field_48_1\">Ich willige in die Verarbeitung meiner Daten zur Bearbeitung der Anfrage ein. Wenn es zur Beantwortung notwendig ist, darf die Anfrage an die zust\u00e4ndige Stelle weitergeleitet werden. Diese Einwilligung kann jederzeit mit Wirkung f\u00fcr die Zukunft beschr\u00e4nkt oder widerrufen werden. \u00dcbermittlungen, die bis zum Zeitpunkt des Widerrufs get\u00e4tigt wurden, bleiben davon unber\u00fchrt. Weitere Informationen und Widerrufshinweise finden Sie in der Datenschutzerkl\u00e4rung.<\/label><\/li><\/ul><\/div><div id=\"wpforms-3288-field_39-container\" class=\"wpforms-field wpforms-field-html\" data-field-id=\"39\"><div id=\"wpforms-3288-field_39\"><p style = \"font-family:arial; font-size:28px; font-style:normal; Font-weight:bold\"; color:red>Kontakt zum Datenschutzbeauftragten<\/p><\/div><\/div><div id=\"wpforms-3288-field_40-container\" class=\"wpforms-field wpforms-field-html\" data-field-id=\"40\"><div id=\"wpforms-3288-field_40\"><p><strong>Alexander Hoffmeierr<\/strong>\r\n<br \/>\r\nBezirksamt Charlottenburg-Wilmersdorf von Berlin<br \/>\r\nAbteilung Personal und Finanzen<br \/>\r\nBeh\u00f6rdlicher Datenschutzbeauftragter<br \/>\r\nHerr Hoffmeier<br \/>\r\nOtto-Suhr-Allee 100<br \/>\r\n10585 Berlin\r\n<br \/>\r\n<br \/>\r\n<strong>E-Mail:<\/strong><a href=\"mailto:datenschutz@charlottenburg-wilmersdorf.de\"> Kontakt<\/a>\r\n<br \/>\r\n<a href=\"http:\/\/www.berlin.de\/ba-charlottenburg-wilmersdorf\/verwaltung\/beauftragte\/datenschutz\/\">Hinweise zum Datenschutz<\/a><\/p><\/div><\/div><div id=\"wpforms-3288-field_36-container\" class=\"wpforms-field wpforms-field-html\" data-field-id=\"36\"><div id=\"wpforms-3288-field_36\"><p><strong>\r\nPr\u00fcft\/Pr\u00fcfen Sie bitte die korrekte Eingabe der Daten. Dann bitte unten auf das Feld &#8220;Absenden&#8221; klicken. Es ist eine Best\u00e4tigung zu sehen, dass die Anmeldung bei der Musikschule eingegangen ist, und Ihr erhaltet\/Sie erhalten zus\u00e4tzlich eine Mail, die die Formulardaten zusammenfasst. Notfalls bitte auch im Spam-Ordner nachschauen!\r\n<\/strong>\r\n<\/p><\/div><\/div><\/div><!-- .wpforms-field-container --><div class=\"wpforms-field wpforms-field-hp\"><label for=\"wpforms-3288-field-hp\" class=\"wpforms-field-label\">Message<\/label><input type=\"text\" name=\"wpforms[hp]\" id=\"wpforms-3288-field-hp\" class=\"wpforms-field-medium\"><\/div><div class=\"wpforms-submit-container\" ><input type=\"hidden\" name=\"wpforms[id]\" value=\"3288\"><input type=\"hidden\" name=\"page_title\" value=\"\"><input type=\"hidden\" name=\"page_url\" value=\"https:\/\/anmeldung.ms-cw.de\/index.php?rest_route=\/wp\/v2\/pages\/3294\"><input type=\"hidden\" name=\"url_referer\" value=\"\"><button type=\"submit\" name=\"wpforms[submit]\" id=\"wpforms-submit-3288\" class=\"wpforms-submit\" data-alt-text=\"Senden...\" data-submit-text=\"Absenden\" aria-live=\"assertive\" value=\"wpforms-submit\">Absenden<\/button><\/div><\/form><\/div>  <!-- .wpforms-container -->","protected":false},"excerpt":{"rendered":"","protected":false},"author":1,"featured_media":0,"parent":0,"menu_order":0,"comment_status":"closed","ping_status":"closed","template":"","meta":{"footnotes":""},"class_list":["post-3294","page","type-page","status-publish","hentry"],"_links":{"self":[{"href":"https:\/\/anmeldung.ms-cw.de\/index.php?rest_route=\/wp\/v2\/pages\/3294","targetHints":{"allow":["GET"]}}],"collection":[{"href":"https:\/\/anmeldung.ms-cw.de\/index.php?rest_route=\/wp\/v2\/pages"}],"about":[{"href":"https:\/\/anmeldung.ms-cw.de\/index.php?rest_route=\/wp\/v2\/types\/page"}],"author":[{"embeddable":true,"href":"https:\/\/anmeldung.ms-cw.de\/index.php?rest_route=\/wp\/v2\/users\/1"}],"replies":[{"embeddable":true,"href":"https:\/\/anmeldung.ms-cw.de\/index.php?rest_route=%2Fwp%2Fv2%2Fcomments&post=3294"}],"version-history":[{"count":3,"href":"https:\/\/anmeldung.ms-cw.de\/index.php?rest_route=\/wp\/v2\/pages\/3294\/revisions"}],"predecessor-version":[{"id":5624,"href":"https:\/\/anmeldung.ms-cw.de\/index.php?rest_route=\/wp\/v2\/pages\/3294\/revisions\/5624"}],"wp:attachment":[{"href":"https:\/\/anmeldung.ms-cw.de\/index.php?rest_route=%2Fwp%2Fv2%2Fmedia&parent=3294"}],"curies":[{"name":"wp","href":"https:\/\/api.w.org\/{rel}","templated":true}]}}