{"id":4011,"date":"2025-05-29T14:13:23","date_gmt":"2025-05-29T14:13:23","guid":{"rendered":"https:\/\/anmeldung.ms-cw.de\/?page_id=4011"},"modified":"2025-12-18T17:32:22","modified_gmt":"2025-12-18T16:32:22","slug":"anmeldung-berliner-maedchenchor-neu","status":"publish","type":"page","link":"https:\/\/anmeldung.ms-cw.de\/?page_id=4011","title":{"rendered":"Anmeldung Berliner M\u00e4dchenchor Neu"},"content":{"rendered":"\n<style>\nbody {font-family: Arial, sans-serif;}\n<\/style>\n\n<body>\n\n\n<p style='font-size:32px; color:#22d6d0; text-align:left'><strong>Mitsingen im Berliner M\u00e4dchenchor<\/strong>\n<p style='font-size:24px; color:#22d6d0'>Wir freuen uns, dass du dich f\u00fcr den Berliner M\u00e4dchenchor interessierst!<br>\nSo wirst du Teil des Berliner M\u00e4dchenchores:\n<br><p style='font-size:16px; text-align:left'><u>Du bist zwischen 5-8 Jahren (Vorch\u00f6re) oder 8-10 Jahren (Aufbauch\u00f6re) alt? Dann ist das Anmeldeverfahren zum Mitsingen wie folgt:<\/u><\/p>\n1)\tDu meldest dich unten zu einer unverbindlichen Schnupperstunde an.<br>\n2)\tNachdem du die Anmeldung zur Schnupperstunde abgeschickt hast, erh\u00e4ltst du eine E-Mail, um den Termin der Schnupperstunde auszumachen<br>\n3)\tNach der Schnupperstunde entscheidest du zusammen mit den Chorleitenden, wann und ob eine Aufnahme in den Berliner M\u00e4dchenchor m\u00f6glich ist<br>\n4)\tWenn du dich f\u00fcr den Berliner M\u00e4dchenchor entscheidest, freuen wir uns und du erh\u00e4ltst den Vertrag, den deine Eltern oder Erziehungsberechtigten unterschreiben m\u00fcssen.<br>\n<\/p><br>\n<u>Du bist mindestens 10 Jahre (Kleinen Konzertchor) oder 14 Jahre (Konzertchor) alt? Dann ist das Anmeldeverfahren zum Mitsingen wie folgt:<\/u><br>\n1)\tDu meldest dich unten zu einer unverbindlichen Schnupperstunde an.<br>\n2)\tNachdem du die Anmeldung zur Schnupperstunde abgeschickt haben, erh\u00e4ltst du eine E-Mail f\u00fcr die Schnupperstunde. Diese finden in der Regel zweimal im Jahr (vor den Sommerferien und vor den Winterferien) statt<br>\n3)\tNach der Schnupperstunde erh\u00e4ltst du einen Termin f\u00fcr ein Vorsingen<br>\n4)\tNach erfolgreichem Vorsingen freuen wir uns, dich in den Konzertchor oder kleinen Konzertchor aufnehmen zu k\u00f6nnen und du erh\u00e4ltst den Vertrag, den du, wenn du vollj\u00e4hrig bist, oder sonst deine Eltern oder Erziehungsberechtigten unterschreiben m\u00fcssen.\n<br><br>\n<u>K\u00fcndigungsm\u00f6glichkeiten:<\/u><br>\nWir bedauern es sehr, wenn du uns verlassen musst. Eine K\u00fcndigung ist zweimal im Jahr, zum 30.06. und zum 31.12., m\u00f6glich. Bitte sende die K\u00fcndigung an: chorbuero@ms-cw.de\n\n<\/p><\/body>\n\n\n<div class=\"wpforms-container wpforms-container-full wpforms-container-save-resume wpforms-block wpforms-block-821f6380-edaf-4014-845a-f3282a927ad8\" id=\"wpforms-3972\"><form id=\"wpforms-form-3972\" class=\"wpforms-validate wpforms-form wpforms-ajax-form\" data-formid=\"3972\" method=\"post\" enctype=\"multipart\/form-data\" action=\"\/index.php?rest_route=%2Fwp%2Fv2%2Fpages%2F4011\" data-token=\"face54864c9171fa70f32993d6928e98\" data-token-time=\"1777437479\"><noscript class=\"wpforms-error-noscript\">Bitte aktiviere JavaScript in deinem Browser, um dieses Formular fertigzustellen.<\/noscript><div class=\"wpforms-field-container\"><div id=\"wpforms-3972-field_71-container\" class=\"wpforms-field wpforms-field-html\" data-field-id=\"71\"><div id=\"wpforms-3972-field_71\"><p style = \"font-family:arial; font-size:20px; font-style:normal; Font-weight:bold\">\r\nHiermit melde ich mich zu einer Schnupperstunde bei einem Chor des Berliner M\u00e4dchenchors an der Musikschule City West an.<\/p><\/div><\/div><div id=\"wpforms-3972-field_89-container\" class=\"wpforms-field wpforms-field-html\" data-field-id=\"89\"><div id=\"wpforms-3972-field_89\"><p>Genauere Informationen zu den Chorklassen des Berliner M\u00e4dchenchors findet Ihr auf <strong><a href=\"https:\/\/www.berlinermaedchenchor.de\/\">der Website des F\u00f6rderverein des BMC.<\/a><\/strong><\/p><\/div><\/div><div id=\"wpforms-3972-field_73-container\" class=\"wpforms-field wpforms-field-html\" data-field-id=\"73\"><div id=\"wpforms-3972-field_73\"><p style = \"font-family:arial; font-size:20px; color: #0894DA; font-style:normal; Font-weight:bold\">1. Angaben zur S\u00e4ngerin<\/p><\/div><\/div><div id=\"wpforms-3972-field_1-container\" class=\"wpforms-field wpforms-field-text wpforms-one-half wpforms-first\" data-field-id=\"1\"><label class=\"wpforms-field-label\" for=\"wpforms-3972-field_1\">Nachname <span class=\"wpforms-required-label\">*<\/span><\/label><input type=\"text\" id=\"wpforms-3972-field_1\" class=\"wpforms-field-large wpforms-field-required\" name=\"wpforms[fields][1]\" required><\/div><div id=\"wpforms-3972-field_2-container\" class=\"wpforms-field wpforms-field-text wpforms-one-half\" data-field-id=\"2\"><label class=\"wpforms-field-label\" for=\"wpforms-3972-field_2\">Vorname <span class=\"wpforms-required-label\">*<\/span><\/label><input type=\"text\" id=\"wpforms-3972-field_2\" class=\"wpforms-field-large wpforms-field-required\" name=\"wpforms[fields][2]\" required><\/div><div id=\"wpforms-3972-field_41-container\" class=\"wpforms-field wpforms-field-text\" data-field-id=\"41\"><label class=\"wpforms-field-label\" for=\"wpforms-3972-field_41\">Geburtsdatum <span class=\"wpforms-required-label\">*<\/span><\/label><input type=\"text\" id=\"wpforms-3972-field_41\" class=\"wpforms-field-medium wpforms-field-required wpforms-masked-input\" data-rule-inputmask-incomplete=\"1\" data-inputmask-mask=\"99.99.9999\" name=\"wpforms[fields][41]\" placeholder=\"01.01.2017\" required><\/div><div id=\"wpforms-3972-field_42-container\" class=\"wpforms-field wpforms-field-text wpforms-one-half wpforms-first\" data-field-id=\"42\"><label class=\"wpforms-field-label\" for=\"wpforms-3972-field_42\">Telefonnummer <span class=\"wpforms-required-label\">*<\/span><\/label><input type=\"text\" id=\"wpforms-3972-field_42\" class=\"wpforms-field-medium wpforms-field-required\" name=\"wpforms[fields][42]\" placeholder=\"0170 1234567\" required><\/div><div id=\"wpforms-3972-field_85-container\" class=\"wpforms-field wpforms-field-email wpforms-one-half\" data-field-id=\"85\"><label class=\"wpforms-field-label\" for=\"wpforms-3972-field_85\">E-Mail <span class=\"wpforms-required-label\">*<\/span><\/label><input type=\"email\" id=\"wpforms-3972-field_85\" class=\"wpforms-field-large wpforms-field-required\" name=\"wpforms[fields][85]\" placeholder=\"Vorname.Nachname@berlin.de\" spellcheck=\"false\" required><div class=\"wpforms-field-description\">Wenn keine eigene E-Mail, dann bitte die der Eltern\/Erziehungsberechtigten<\/div><\/div><div id=\"wpforms-3972-field_8-container\" class=\"wpforms-field wpforms-field-text wpforms-two-thirds wpforms-first\" data-field-id=\"8\"><label class=\"wpforms-field-label\" for=\"wpforms-3972-field_8\">Stra\u00dfe <span class=\"wpforms-required-label\">*<\/span><\/label><input type=\"text\" id=\"wpforms-3972-field_8\" class=\"wpforms-field-large wpforms-field-required\" name=\"wpforms[fields][8]\" required><\/div><div id=\"wpforms-3972-field_55-container\" class=\"wpforms-field wpforms-field-text wpforms-one-third\" data-field-id=\"55\"><label class=\"wpforms-field-label\" for=\"wpforms-3972-field_55\">Hausnummer <span class=\"wpforms-required-label\">*<\/span><\/label><input type=\"text\" id=\"wpforms-3972-field_55\" class=\"wpforms-field-medium wpforms-field-required\" name=\"wpforms[fields][55]\" required><\/div><div id=\"wpforms-3972-field_9-container\" class=\"wpforms-field wpforms-field-text wpforms-one-third wpforms-first\" data-field-id=\"9\"><label class=\"wpforms-field-label\" for=\"wpforms-3972-field_9\">PLZ <span class=\"wpforms-required-label\">*<\/span><\/label><input type=\"text\" id=\"wpforms-3972-field_9\" class=\"wpforms-field-medium wpforms-field-required\" name=\"wpforms[fields][9]\" required><\/div><div id=\"wpforms-3972-field_10-container\" class=\"wpforms-field wpforms-field-text wpforms-two-thirds\" data-field-id=\"10\"><label class=\"wpforms-field-label\" for=\"wpforms-3972-field_10\">Ort <span class=\"wpforms-required-label\">*<\/span><\/label><input type=\"text\" id=\"wpforms-3972-field_10\" class=\"wpforms-field-large wpforms-field-required\" name=\"wpforms[fields][10]\" required><\/div><div id=\"wpforms-3972-field_84-container\" class=\"wpforms-field wpforms-field-select wpforms-field-select-style-classic\" data-field-id=\"84\"><label class=\"wpforms-field-label\" for=\"wpforms-3972-field_84\">Chorklasse <span class=\"wpforms-required-label\">*<\/span><\/label><select id=\"wpforms-3972-field_84\" class=\"wpforms-field-large wpforms-field-required\" name=\"wpforms[fields][84]\" required=\"required\"><option value=\"\" class=\"placeholder\" disabled  selected='selected'>Bitte ausw\u00e4hlen<\/option><option value=\"Vorchor 1, Montag 15:15 \u2013 16:15, Marie-Curie-Gymnasium\"  class=\"choice-4 depth-1\"  >Vorchor 1, Montag 15:15 \u2013 16:15, Marie-Curie-Gymnasium<\/option><option value=\"Vorchor 2, Donnerstag 15:00 \u2013 16:00, Ruppin-Grundschule\"  class=\"choice-10 depth-1\"  >Vorchor 2, Donnerstag 15:00 \u2013 16:00, Ruppin-Grundschule<\/option><option value=\"Vorchor 3, Donnerstag 15:15 \u2013 16:15, Alt-Schmargendorf-Grundschule\"  class=\"choice-9 depth-1\"  >Vorchor 3, Donnerstag 15:15 \u2013 16:15, Alt-Schmargendorf-Grundschule<\/option><option value=\"Aufbauchor 1, Montag 16:30 \u2013 18:30, Marie-Curie-Gymnasium\"  class=\"choice-5 depth-1\"  >Aufbauchor 1, Montag 16:30 \u2013 18:30, Marie-Curie-Gymnasium<\/option><option value=\"Aufbauchor 2, Donnerstag 16:15 \u2013 18:15, Alt-Schmargendorf-Grundschule\"  class=\"choice-11 depth-1\"  >Aufbauchor 2, Donnerstag 16:15 \u2013 18:15, Alt-Schmargendorf-Grundschule<\/option><option value=\"Kleiner Konzertchor, Montag und Donnerstag 16:30 \u2013 18:00, Marie-Curie-Gymnasium\"  class=\"choice-8 depth-1\"  >Kleiner Konzertchor, Montag und Donnerstag 16:30 \u2013 18:00, Marie-Curie-Gymnasium<\/option><option value=\"Konzertchor, Montag 18:15 \u2013 20:00 sowie Donnerstag 18:15 \u2013 19:45, Marie-Curie-Gymnasium\"  class=\"choice-2 depth-1\"  >Konzertchor, Montag 18:15 \u2013 20:00 sowie Donnerstag 18:15 \u2013 19:45, Marie-Curie-Gymnasium<\/option><\/select><\/div><div id=\"wpforms-3972-field_120-container\" class=\"wpforms-field wpforms-field-textarea\" data-field-id=\"120\"><label class=\"wpforms-field-label\" for=\"wpforms-3972-field_120\">Musikalische Vorbildung\/Sonstiges <span class=\"wpforms-required-label\">*<\/span><\/label><textarea id=\"wpforms-3972-field_120\" class=\"wpforms-field-medium wpforms-field-required wpforms-limit-characters-enabled\" data-form-id=\"3972\" data-field-id=\"120\" data-text-limit=\"150\" name=\"wpforms[fields][120]\" maxlength=\"150\" required><\/textarea><\/div><div id=\"wpforms-3972-field_138-container\" class=\"wpforms-field wpforms-field-html\" data-field-id=\"138\"><div id=\"wpforms-3972-field_138\"><p style =\"font-size:17px; font-family:Helvetica\"><strong>Selbstbestimmung<\/strong><br \/>Bis zum Alter von 16 Jahren muss die Anmeldung von den Eltern best\u00e4tigt werden.<\/p><\/div><\/div><div id=\"wpforms-3972-field_134-container\" class=\"wpforms-field wpforms-field-checkbox wpforms-list-inline wpforms-conditional-trigger\" data-field-id=\"134\"><label class=\"wpforms-field-label wpforms-label-hide\">Angaben zu Eltern, Erziehungsberechtigten <span class=\"wpforms-required-label\">*<\/span><\/label><ul id=\"wpforms-3972-field_134\" class=\"wpforms-field-required\" data-choice-limit=\"1\"><li class=\"choice-2 depth-1\"><input type=\"checkbox\" id=\"wpforms-3972-field_134_2\" data-rule-check-limit=\"true\" name=\"wpforms[fields][134][]\" value=\"ich bin noch keine 16 Jahre alt\" required ><label class=\"wpforms-field-label-inline\" for=\"wpforms-3972-field_134_2\">ich bin noch keine 16 Jahre alt<\/label><\/li><li class=\"choice-1 depth-1\"><input type=\"checkbox\" id=\"wpforms-3972-field_134_1\" data-rule-check-limit=\"true\" name=\"wpforms[fields][134][]\" value=\"ich bin 16 Jahre alt oder \u00e4lter\" required ><label class=\"wpforms-field-label-inline\" for=\"wpforms-3972-field_134_1\">ich bin 16 Jahre alt oder \u00e4lter<\/label><\/li><\/ul><\/div><div id=\"wpforms-3972-field_76-container\" class=\"wpforms-field wpforms-field-html wpforms-conditional-field wpforms-conditional-show\" data-field-id=\"76\" style=\"display:none;\"><div id=\"wpforms-3972-field_76\"><p style = \"font-family:arial; font-size:20px; color: #0894DA; font-style:normal; Font-weight:bold\">1b. Angaben zu Eltern, Erziehungsberechtigten oder gesetzlicher Vertretung<\/p><\/div><\/div><div id=\"wpforms-3972-field_20-container\" class=\"wpforms-field wpforms-field-text wpforms-conditional-field wpforms-conditional-show\" data-field-id=\"20\" style=\"display:none;\"><label class=\"wpforms-field-label\" for=\"wpforms-3972-field_20\">Name<\/label><input type=\"text\" id=\"wpforms-3972-field_20\" class=\"wpforms-field-large\" name=\"wpforms[fields][20]\" ><\/div><div id=\"wpforms-3972-field_23-container\" class=\"wpforms-field wpforms-field-checkbox wpforms-list-inline wpforms-conditional-field wpforms-conditional-show\" data-field-id=\"23\" style=\"display:none;\"><label class=\"wpforms-field-label\">Geschlecht<\/label><ul id=\"wpforms-3972-field_23\" data-choice-limit=\"1\"><li class=\"choice-2 depth-1\"><input type=\"checkbox\" id=\"wpforms-3972-field_23_2\" data-rule-check-limit=\"true\" name=\"wpforms[fields][23][]\" value=\"weiblich\"  ><label class=\"wpforms-field-label-inline\" for=\"wpforms-3972-field_23_2\">weiblich<\/label><\/li><li class=\"choice-1 depth-1\"><input type=\"checkbox\" id=\"wpforms-3972-field_23_1\" data-rule-check-limit=\"true\" name=\"wpforms[fields][23][]\" value=\"m\u00e4nnlich\"  ><label class=\"wpforms-field-label-inline\" for=\"wpforms-3972-field_23_1\">m\u00e4nnlich<\/label><\/li><li class=\"choice-3 depth-1\"><input type=\"checkbox\" id=\"wpforms-3972-field_23_3\" data-rule-check-limit=\"true\" name=\"wpforms[fields][23][]\" value=\"divers\"  ><label class=\"wpforms-field-label-inline\" for=\"wpforms-3972-field_23_3\">divers<\/label><\/li><\/ul><\/div><div id=\"wpforms-3972-field_21-container\" class=\"wpforms-field wpforms-field-text wpforms-one-half wpforms-first wpforms-conditional-field wpforms-conditional-show\" data-field-id=\"21\" style=\"display:none;\"><label class=\"wpforms-field-label\" for=\"wpforms-3972-field_21\">Telefonnummer<\/label><input type=\"text\" id=\"wpforms-3972-field_21\" class=\"wpforms-field-medium\" name=\"wpforms[fields][21]\" placeholder=\"030\/123 456 78\" ><\/div><div id=\"wpforms-3972-field_69-container\" class=\"wpforms-field wpforms-field-email wpforms-conditional-field wpforms-conditional-show\" data-field-id=\"69\" style=\"display:none;\"><label class=\"wpforms-field-label\" for=\"wpforms-3972-field_69\">E-Mail Eltern\/Erziehungsberechtigte\/gesetzl. Vertretung<\/label><input type=\"email\" id=\"wpforms-3972-field_69\" class=\"wpforms-field-medium\" name=\"wpforms[fields][69]\" placeholder=\"Vorname.Nachname@berlin.de\" spellcheck=\"false\" ><\/div><div id=\"wpforms-3972-field_46-container\" class=\"wpforms-field wpforms-field-html\" data-field-id=\"46\"><div id=\"wpforms-3972-field_46\"><p style = \"font-family:arial; color: #0894DA; font-size:20px; font-style:normal; Font-weight:bold\">2. Fertigstellung der Anmeldung<\/p><\/div><\/div><div id=\"wpforms-3972-field_124-container\" class=\"wpforms-field wpforms-field-html\" data-field-id=\"124\"><div id=\"wpforms-3972-field_124\"><a href=\"https:\/\/www.berlin.de\/musikschule-charlottenburg-wilmersdorf\/datenschutzerklaerung.846525.php\"><strong>Datenschutzerkl\u00e4rung<\/strong><\/a><\/div><\/div><div id=\"wpforms-3972-field_39-container\" class=\"wpforms-field wpforms-field-html\" data-field-id=\"39\"><div id=\"wpforms-3972-field_39\"><p style = \"font-family:arial; font-size:17px; font-style:normal; Font-weight:bold\">Kontakt zum Datenschutzbeauftragten des Bezirks<\/p><\/div><\/div><div id=\"wpforms-3972-field_40-container\" class=\"wpforms-field wpforms-field-html\" data-field-id=\"40\"><div id=\"wpforms-3972-field_40\"><p>\r\nBezirksamt Charlottenburg-Wilmersdorf von Berlin<br \/>\r\nAbteilung Personal und Finanzen und Wirtschaftsf\u00f6rderung<br \/>\r\nBeh\u00f6rdlicher Datenschutzbeauftragter<br \/>\r\n<strong>Alexander Hoffmeier<\/strong><br \/>\r\n<ul class=\"list--clean list--contact\">\r\n<li class=\"adress\">\r\n<div class=\"loc\">Goslarer Ufer 39<br \/>\r\n10589 Berlin<br \/>\r\nRaum: 7033\r\n<br \/>\r\n10585 Berlin<\/div><\/li>\r\n<li class=\"tel\">Tel.: (030) 9029 18018<\/li>\r\n<li class=\"email\"><a href=\"mailto:datenschutz@charlottenburg-wilmersdorf.de\">E-Mail<\/a><\/li><\/ul>\r\n<a href=\"http:\/\/www.berlin.de\/ba-charlottenburg-wilmersdorf\/verwaltung\/beauftragte\/datenschutz\/\">Hinweise zum Datenschutzbeauftragten<\/a><br \/><\/p><\/div><\/div><div id=\"wpforms-3972-field_36-container\" class=\"wpforms-field wpforms-field-html\" data-field-id=\"36\"><div id=\"wpforms-3972-field_36\"><p><strong>\r\nPr\u00fcft\/Pr\u00fcfen Sie bitte die korrekte Eingabe der Daten. Dann bitte unten auf das Feld &#8220;Absenden&#8221; klicken. Es ist eine Best\u00e4tigung zu sehen, dass die Anmeldung bei der Musikschule eingegangen ist, und Ihr erhaltet\/Sie erhalten zus\u00e4tzlich eine Mail, die die Formulardaten zusammenfasst. Notfalls bitte auch im Spam-Ordner nachschauen!\r\n<\/strong>\r\n<\/p><\/div><\/div><div id=\"wpforms-3972-field_140-container\" class=\"wpforms-field wpforms-field-checkbox\" data-field-id=\"140\"><label class=\"wpforms-field-label\">Ich best\u00e4tige hiermit, dass alle Angaben wahrheitsgem\u00e4\u00df gemacht wurden. <span class=\"wpforms-required-label\">*<\/span><\/label><ul id=\"wpforms-3972-field_140\" class=\"wpforms-field-required\"><li class=\"choice-1 depth-1\"><input type=\"checkbox\" id=\"wpforms-3972-field_140_1\" name=\"wpforms[fields][140][]\" value=\"ja\" required ><label class=\"wpforms-field-label-inline\" for=\"wpforms-3972-field_140_1\">ja<\/label><\/li><\/ul><\/div><div id=\"wpforms-3972-field_137-container\" class=\"wpforms-field wpforms-field-text\" data-field-id=\"137\"><label class=\"wpforms-field-label\" for=\"wpforms-3972-field_137\">Berlin, den <span class=\"wpforms-required-label\">*<\/span><\/label><input type=\"text\" id=\"wpforms-3972-field_137\" class=\"wpforms-field-medium wpforms-field-required wpforms-masked-input\" data-rule-inputmask-incomplete=\"1\" data-inputmask-mask=\"99.99.9999\" name=\"wpforms[fields][137]\" placeholder=\"01.01.2030\" required><\/div><\/div><!-- .wpforms-field-container --><div class=\"wpforms-field wpforms-field-hp\"><label for=\"wpforms-3972-field-hp\" class=\"wpforms-field-label\">Website<\/label><input type=\"text\" name=\"wpforms[hp]\" id=\"wpforms-3972-field-hp\" class=\"wpforms-field-medium\"><\/div><div class=\"wpforms-submit-container\" ><input type=\"hidden\" name=\"wpforms[id]\" value=\"3972\"><input type=\"hidden\" name=\"page_title\" value=\"\"><input type=\"hidden\" name=\"page_url\" value=\"https:\/\/anmeldung.ms-cw.de\/index.php?rest_route=\/wp\/v2\/pages\/4011\"><input type=\"hidden\" name=\"url_referer\" value=\"\"><button type=\"submit\" name=\"wpforms[submit]\" id=\"wpforms-submit-3972\" class=\"wpforms-submit\" data-alt-text=\"Senden...\" data-submit-text=\"Absenden\" aria-live=\"assertive\" value=\"wpforms-submit\">Absenden<\/button><img loading=\"lazy\" decoding=\"async\" src=\"https:\/\/anmeldung.ms-cw.de\/wp-content\/plugins\/wpforms\/assets\/images\/submit-spin.svg\" class=\"wpforms-submit-spinner\" style=\"display: none;\" width=\"26\" height=\"26\" alt=\"Wird geladen\"><\/div><\/form><\/div>  <!-- .wpforms-container -->\n\n\n<p><\/p>\n","protected":false},"excerpt":{"rendered":"<p>Mitsingen im Berliner M\u00e4dchenchor Wir freuen uns, dass du dich f\u00fcr den Berliner M\u00e4dchenchor interessierst! So wirst du Teil des Berliner M\u00e4dchenchores: Du bist zwischen 5-8 Jahren (Vorch\u00f6re) oder 8-10 Jahren (Aufbauch\u00f6re) alt? Dann ist das Anmeldeverfahren zum Mitsingen wie folgt: 1) Du meldest dich unten zu einer unverbindlichen Schnupperstunde an. 2) Nachdem du die &hellip; <a href=\"https:\/\/anmeldung.ms-cw.de\/?page_id=4011\" class=\"more-link\"><span class=\"screen-reader-text\">\u201eAnmeldung Berliner M\u00e4dchenchor Neu\u201c <\/span>weiterlesen<\/a><\/p>\n","protected":false},"author":1,"featured_media":0,"parent":0,"menu_order":0,"comment_status":"closed","ping_status":"closed","template":"","meta":{"footnotes":""},"class_list":["post-4011","page","type-page","status-publish","hentry"],"_links":{"self":[{"href":"https:\/\/anmeldung.ms-cw.de\/index.php?rest_route=\/wp\/v2\/pages\/4011","targetHints":{"allow":["GET"]}}],"collection":[{"href":"https:\/\/anmeldung.ms-cw.de\/index.php?rest_route=\/wp\/v2\/pages"}],"about":[{"href":"https:\/\/anmeldung.ms-cw.de\/index.php?rest_route=\/wp\/v2\/types\/page"}],"author":[{"embeddable":true,"href":"https:\/\/anmeldung.ms-cw.de\/index.php?rest_route=\/wp\/v2\/users\/1"}],"replies":[{"embeddable":true,"href":"https:\/\/anmeldung.ms-cw.de\/index.php?rest_route=%2Fwp%2Fv2%2Fcomments&post=4011"}],"version-history":[{"count":4,"href":"https:\/\/anmeldung.ms-cw.de\/index.php?rest_route=\/wp\/v2\/pages\/4011\/revisions"}],"predecessor-version":[{"id":4956,"href":"https:\/\/anmeldung.ms-cw.de\/index.php?rest_route=\/wp\/v2\/pages\/4011\/revisions\/4956"}],"wp:attachment":[{"href":"https:\/\/anmeldung.ms-cw.de\/index.php?rest_route=%2Fwp%2Fv2%2Fmedia&parent=4011"}],"curies":[{"name":"wp","href":"https:\/\/api.w.org\/{rel}","templated":true}]}}