{"id":5010,"date":"2026-02-09T10:12:11","date_gmt":"2026-02-09T09:12:11","guid":{"rendered":"https:\/\/anmeldung.ms-cw.de\/?page_id=5010"},"modified":"2026-02-09T10:12:12","modified_gmt":"2026-02-09T09:12:12","slug":"anmeldung-medieneinverstaendnis-kinderchoere-der-musikschule-city-west","status":"publish","type":"page","link":"https:\/\/anmeldung.ms-cw.de\/?page_id=5010","title":{"rendered":"Anmeldung &amp; Medieneinverst\u00e4ndnis Kinderch\u00f6re der Musikschule City West"},"content":{"rendered":"\n\n\n<div class=\"wpforms-container wpforms-container-full wpforms-container-save-resume wpforms-block wpforms-block-7a1e7244-2224-4ce7-82ea-225e33ec3469\" id=\"wpforms-4999\"><form id=\"wpforms-form-4999\" class=\"wpforms-validate wpforms-form\" data-formid=\"4999\" method=\"post\" enctype=\"multipart\/form-data\" action=\"\/index.php?rest_route=%2Fwp%2Fv2%2Fpages%2F5010\" data-token=\"b3db3ab26fcdef1939d79759e476b45f\" data-token-time=\"1776837074\"><noscript class=\"wpforms-error-noscript\">Bitte aktiviere JavaScript in deinem Browser, um dieses Formular fertigzustellen.<\/noscript><div class=\"wpforms-field-container\"><div id=\"wpforms-4999-field_3-container\" class=\"wpforms-field wpforms-field-html\" data-field-id=\"3\"><div id=\"wpforms-4999-field_3\"><p style = \"font-family:arial; font-size:14px; font-style:normal\">Hinweis: Sie k\u00f6nnen dieses Formular nur absenden, wenn in Ihrem Browser Cookies akzeptiert werden. Dieses Formular enth\u00e4lt Pflichtfelder, die ausgef\u00fcllt werden m\u00fcssen.\r\nPflichtfelder sind mit einem Stern * markiert.\r\n<\/p>\r\n<\/div><\/div><div id=\"wpforms-4999-field_71-container\" class=\"wpforms-field wpforms-field-html\" data-field-id=\"71\"><div id=\"wpforms-4999-field_71\"><p style = \"font-family:arial; font-size:21px; font-style:normal; Font-weight:bold\">\r\n1. Hiermit melde ich zu einem Kinderchor der Musikschule City West an.<\/p><\/div><\/div><div id=\"wpforms-4999-field_73-container\" class=\"wpforms-field wpforms-field-html\" data-field-id=\"73\"><div id=\"wpforms-4999-field_73\"><p style = \"font-family:arial; font-size:18px; color: #0894DA; font-style:normal; Font-weight:bold\">Angaben zum Kind:<\/p><\/div><\/div><div id=\"wpforms-4999-field_1-container\" class=\"wpforms-field wpforms-field-text wpforms-one-half wpforms-first\" data-field-id=\"1\"><label class=\"wpforms-field-label\" for=\"wpforms-4999-field_1\">Nachname <span class=\"wpforms-required-label\">*<\/span><\/label><input type=\"text\" id=\"wpforms-4999-field_1\" class=\"wpforms-field-large wpforms-field-required\" name=\"wpforms[fields][1]\" required><\/div><div id=\"wpforms-4999-field_2-container\" class=\"wpforms-field wpforms-field-text wpforms-one-half\" data-field-id=\"2\"><label class=\"wpforms-field-label\" for=\"wpforms-4999-field_2\">Vorname <span class=\"wpforms-required-label\">*<\/span><\/label><input type=\"text\" id=\"wpforms-4999-field_2\" class=\"wpforms-field-large wpforms-field-required\" name=\"wpforms[fields][2]\" required><\/div><div id=\"wpforms-4999-field_6-container\" class=\"wpforms-field wpforms-field-checkbox wpforms-one-half wpforms-first wpforms-list-inline\" data-field-id=\"6\"><label class=\"wpforms-field-label\">Geschlecht <span class=\"wpforms-required-label\">*<\/span><\/label><ul id=\"wpforms-4999-field_6\" class=\"wpforms-field-required\" data-choice-limit=\"1\"><li class=\"choice-1 depth-1\"><input type=\"checkbox\" id=\"wpforms-4999-field_6_1\" data-rule-check-limit=\"true\" name=\"wpforms[fields][6][]\" value=\"m\u00e4nnlich\" required ><label class=\"wpforms-field-label-inline\" for=\"wpforms-4999-field_6_1\">m\u00e4nnlich<\/label><\/li><li class=\"choice-2 depth-1\"><input type=\"checkbox\" id=\"wpforms-4999-field_6_2\" data-rule-check-limit=\"true\" name=\"wpforms[fields][6][]\" value=\"weiblich\" required ><label class=\"wpforms-field-label-inline\" for=\"wpforms-4999-field_6_2\">weiblich<\/label><\/li><li class=\"choice-3 depth-1\"><input type=\"checkbox\" id=\"wpforms-4999-field_6_3\" data-rule-check-limit=\"true\" name=\"wpforms[fields][6][]\" value=\"divers\" required ><label class=\"wpforms-field-label-inline\" for=\"wpforms-4999-field_6_3\">divers<\/label><\/li><\/ul><\/div><div id=\"wpforms-4999-field_41-container\" class=\"wpforms-field wpforms-field-text wpforms-one-half\" data-field-id=\"41\"><label class=\"wpforms-field-label\" for=\"wpforms-4999-field_41\">Geburtsdatum <span class=\"wpforms-required-label\">*<\/span><\/label><input type=\"text\" id=\"wpforms-4999-field_41\" class=\"wpforms-field-medium wpforms-field-required wpforms-masked-input\" data-rule-inputmask-incomplete=\"1\" data-inputmask-mask=\"99.99.9999\" name=\"wpforms[fields][41]\" placeholder=\"01.01.2017\" required><div class=\"wpforms-field-description\">nicht das aktuelle Datum<\/div><\/div><div id=\"wpforms-4999-field_130-container\" class=\"wpforms-field wpforms-field-textarea\" data-field-id=\"130\"><label class=\"wpforms-field-label\" for=\"wpforms-4999-field_130\">Musikalische Vorbildung <span class=\"wpforms-required-label\">*<\/span><\/label><textarea id=\"wpforms-4999-field_130\" class=\"wpforms-field-medium wpforms-field-required wpforms-limit-characters-enabled\" data-form-id=\"4999\" data-field-id=\"130\" data-text-limit=\"80\" name=\"wpforms[fields][130]\" maxlength=\"80\" required><\/textarea><div class=\"wpforms-field-description\">Wenn keinerlei Erfahrung des Kindes mit Musik bzw. Notenkenntnisse usw. vorliegt, schreiben Sie bitte: keine.<\/div><\/div><div id=\"wpforms-4999-field_131-container\" class=\"wpforms-field wpforms-field-checkbox\" data-field-id=\"131\"><label class=\"wpforms-field-label\">Chorauswahl <span class=\"wpforms-required-label\">*<\/span><\/label><ul id=\"wpforms-4999-field_131\" class=\"wpforms-field-required\"><li class=\"choice-1 depth-1\"><input type=\"checkbox\" id=\"wpforms-4999-field_131_1\" name=\"wpforms[fields][131][]\" value=\"f\u00fcr Kinder 5-11 Jahre, Platanenallee 16, Montag Nachmittag\" required ><label class=\"wpforms-field-label-inline\" for=\"wpforms-4999-field_131_1\">f\u00fcr Kinder 5-11 Jahre, Platanenallee 16, Montag Nachmittag<\/label><\/li><li class=\"choice-2 depth-1\"><input type=\"checkbox\" id=\"wpforms-4999-field_131_2\" name=\"wpforms[fields][131][]\" value=\"f\u00fcr Kinder 8-11 Jahre, Rathaus Schmargendorf, Mittwoch Nachmittag\" required ><label class=\"wpforms-field-label-inline\" for=\"wpforms-4999-field_131_2\">f\u00fcr Kinder 8-11 Jahre, Rathaus Schmargendorf, Mittwoch Nachmittag<\/label><\/li><\/ul><\/div><div id=\"wpforms-4999-field_76-container\" class=\"wpforms-field wpforms-field-html\" data-field-id=\"76\"><div id=\"wpforms-4999-field_76\"><p style = \"font-family:arial; font-size:18px; color: #0894DA; font-style:normal; Font-weight:bold\">Angaben zu Eltern, Erziehungsberechtigten oder gesetzlichen Vertretern:<\/p><\/div><\/div><div id=\"wpforms-4999-field_20-container\" class=\"wpforms-field wpforms-field-text\" data-field-id=\"20\"><label class=\"wpforms-field-label\" for=\"wpforms-4999-field_20\">Name <span class=\"wpforms-required-label\">*<\/span><\/label><input type=\"text\" id=\"wpforms-4999-field_20\" class=\"wpforms-field-large wpforms-field-required\" name=\"wpforms[fields][20]\" required><\/div><div id=\"wpforms-4999-field_23-container\" class=\"wpforms-field wpforms-field-checkbox wpforms-list-inline\" data-field-id=\"23\"><label class=\"wpforms-field-label\">Geschlecht <span class=\"wpforms-required-label\">*<\/span><\/label><ul id=\"wpforms-4999-field_23\" class=\"wpforms-field-required\" data-choice-limit=\"1\"><li class=\"choice-1 depth-1\"><input type=\"checkbox\" id=\"wpforms-4999-field_23_1\" data-rule-check-limit=\"true\" name=\"wpforms[fields][23][]\" value=\"m\u00e4nnlich\" required ><label class=\"wpforms-field-label-inline\" for=\"wpforms-4999-field_23_1\">m\u00e4nnlich<\/label><\/li><li class=\"choice-2 depth-1\"><input type=\"checkbox\" id=\"wpforms-4999-field_23_2\" data-rule-check-limit=\"true\" name=\"wpforms[fields][23][]\" value=\"weiblich\" required ><label class=\"wpforms-field-label-inline\" for=\"wpforms-4999-field_23_2\">weiblich<\/label><\/li><li class=\"choice-3 depth-1\"><input type=\"checkbox\" id=\"wpforms-4999-field_23_3\" data-rule-check-limit=\"true\" name=\"wpforms[fields][23][]\" value=\"divers\" required ><label class=\"wpforms-field-label-inline\" for=\"wpforms-4999-field_23_3\">divers<\/label><\/li><\/ul><\/div><div id=\"wpforms-4999-field_21-container\" class=\"wpforms-field wpforms-field-text wpforms-one-half wpforms-first\" data-field-id=\"21\"><label class=\"wpforms-field-label\" for=\"wpforms-4999-field_21\">Telefonnummer <span class=\"wpforms-required-label\">*<\/span><\/label><input type=\"text\" id=\"wpforms-4999-field_21\" class=\"wpforms-field-medium wpforms-field-required\" name=\"wpforms[fields][21]\" placeholder=\"030\/123 456 78\" required><\/div><div id=\"wpforms-4999-field_42-container\" class=\"wpforms-field wpforms-field-text wpforms-one-half wpforms-first\" data-field-id=\"42\"><label class=\"wpforms-field-label\" for=\"wpforms-4999-field_42\">wenn vorhanden: Telefonnummer des Kindes <span class=\"wpforms-required-label\">*<\/span><\/label><input type=\"text\" id=\"wpforms-4999-field_42\" class=\"wpforms-field-medium wpforms-field-required\" name=\"wpforms[fields][42]\" placeholder=\"0170 1234567\" required><\/div><div id=\"wpforms-4999-field_8-container\" class=\"wpforms-field wpforms-field-text wpforms-two-thirds wpforms-first\" data-field-id=\"8\"><label class=\"wpforms-field-label\" for=\"wpforms-4999-field_8\">Stra\u00dfe <span class=\"wpforms-required-label\">*<\/span><\/label><input type=\"text\" id=\"wpforms-4999-field_8\" class=\"wpforms-field-large wpforms-field-required\" name=\"wpforms[fields][8]\" required><\/div><div id=\"wpforms-4999-field_55-container\" class=\"wpforms-field wpforms-field-text wpforms-one-third\" data-field-id=\"55\"><label class=\"wpforms-field-label\" for=\"wpforms-4999-field_55\">Hausnummer <span class=\"wpforms-required-label\">*<\/span><\/label><input type=\"text\" id=\"wpforms-4999-field_55\" class=\"wpforms-field-medium wpforms-field-required\" name=\"wpforms[fields][55]\" required><\/div><div id=\"wpforms-4999-field_9-container\" class=\"wpforms-field wpforms-field-text wpforms-one-third wpforms-first\" data-field-id=\"9\"><label class=\"wpforms-field-label\" for=\"wpforms-4999-field_9\">PLZ <span class=\"wpforms-required-label\">*<\/span><\/label><input type=\"text\" id=\"wpforms-4999-field_9\" class=\"wpforms-field-medium wpforms-field-required\" name=\"wpforms[fields][9]\" required><\/div><div id=\"wpforms-4999-field_10-container\" class=\"wpforms-field wpforms-field-text wpforms-two-thirds\" data-field-id=\"10\"><label class=\"wpforms-field-label\" for=\"wpforms-4999-field_10\">Ort <span class=\"wpforms-required-label\">*<\/span><\/label><input type=\"text\" id=\"wpforms-4999-field_10\" class=\"wpforms-field-large wpforms-field-required\" name=\"wpforms[fields][10]\" required><\/div><div id=\"wpforms-4999-field_69-container\" class=\"wpforms-field wpforms-field-email\" data-field-id=\"69\"><label class=\"wpforms-field-label\" for=\"wpforms-4999-field_69\">E-Mail <span class=\"wpforms-required-label\">*<\/span><\/label><input type=\"email\" id=\"wpforms-4999-field_69\" class=\"wpforms-field-medium wpforms-field-required\" name=\"wpforms[fields][69]\" placeholder=\"Vorname.Nachname@berlin.de\" spellcheck=\"false\" required><\/div><div id=\"wpforms-4999-field_117-container\" class=\"wpforms-field wpforms-field-html\" data-field-id=\"117\"><div id=\"wpforms-4999-field_117\"><p style = \"font-family:arial; font-size:21px; font-style:normal; Font-weight:bold\">2. Einverst\u00e4ndnis zur Ver\u00f6ffentlichung von Medien<\/p><\/div><\/div><div id=\"wpforms-4999-field_121-container\" class=\"wpforms-field wpforms-field-html\" data-field-id=\"121\"><div id=\"wpforms-4999-field_121\"><p style =\"font-size:17px; font-family:Helvetica\">\r\nWir m\u00f6chten darauf hinweisen, dass Fotos, Videos und Audioaufnahmen im Internet unbegrenzt eingesehen und geh\u00f6rt werden k\u00f6nnen. Eine Weiterverwendung durch Dritte k\u00f6nnen wir hierbei nicht vollst\u00e4ndig ausschlie\u00dfen.<br \/>Im Falle eines Widerrufs werden wir die Fotos, Videos oder Audioaufnahmen von unseren eigenen Speicherorten l\u00f6schen. Sollten die Aufnahmen im Internet verf\u00fcgbar sein, werden wir diese entfernen, soweit es uns m\u00f6glich ist. Eine vollst\u00e4ndige L\u00f6schung aus dem Internet k\u00f6nnen wir jedoch nicht garantieren.<br \/><strong>Namen oder sonstige personenbezogene Daten werden von uns nicht ohne gesondertes Einverst\u00e4ndnis ver\u00f6ffentlicht, auch nicht als Quelltexte zu Bildern.<\/strong><br \/><br \/>\r\nWir bitten um Verst\u00e4ndnis daf\u00fcr, dass die  Musikschule City West nicht f\u00fcr die Nutzung durch Dritte haftbar gemacht werden kann. Das betrifft insbesondere das Herunterladen und die anschlie\u00dfende Verwendung oder Ver\u00e4nderung der Fotos, Videos oder Audioaufnahmen.\r\n<\/p>\r\n\r\n<p style =\"font-size:17px; font-family:Helvetica\">Diese Einverst\u00e4ndniserkl\u00e4rung zur Nutzung der Aufnahmen ist freiwillig und kann jederzeit mit Wirkung f\u00fcr die Zukunft widerrufen werden.<br \/><br \/>\r\n<\/p><p style=\"text-align: center\">&#8212;&#8212;&#8212;&#8212;&#8212;-<\/p>\r\n<\/div><\/div><div id=\"wpforms-4999-field_119-container\" class=\"wpforms-field wpforms-field-html\" data-field-id=\"119\"><div id=\"wpforms-4999-field_119\"><p style =\"font-size:17px; font-family:Helvetica\">Ich erkl\u00e4re mich damit einverstanden, dass von meinem Kind bzw. der mir anvertrauten Person im gesamten Zeitraum meiner Mitgliedschaft in einem Kinderchor der Musikschule City West Fotos, Videos oder Audioaufnahmen von Konzerten, Proben und von Fahrten gemacht werden k\u00f6nnen. Diese Aufnahmen d\u00fcrfen \u00fcber die unten stehenden Kan\u00e4le in inhaltlichem Zusammenhang mit der Arbeit der Musikschule City West und ver\u00f6ffentlicht\/verbreitet werden:<br \/>\r\n<ul>\r\n<li><p style =\"font-size:17px; font-family:Helvetica\">in Printpublikationen (Brosch\u00fcren, Flyern)<\/p><\/li>\r\n<li><p style =\"font-size:17px; font-family:Helvetica\">in der Presse\r\n<\/p><\/li>\r\n<li><p style =\"font-size:17px; font-family:Helvetica\">f\u00fcr die digitale Darstellung  auf einer der Websites oder in einer digitalen Publikation der Musikschule City\r\n<\/p><\/li>\r\n<li><p style =\"font-size:17px; font-family:Helvetica\">auf den Social-Media-Kan\u00e4len der Musikschule City West.\r\n<\/p><\/li>\r\n<\/ul><\/p>\r\n<\/div><\/div><div id=\"wpforms-4999-field_122-container\" class=\"wpforms-field wpforms-field-checkbox wpforms-list-inline wpforms-conditional-trigger\" data-field-id=\"122\"><label class=\"wpforms-field-label\">Hinweise zur DSGVO anzeigen? <span class=\"wpforms-required-label\">*<\/span><\/label><ul id=\"wpforms-4999-field_122\" class=\"wpforms-field-required\"><li class=\"choice-1 depth-1\"><input type=\"checkbox\" id=\"wpforms-4999-field_122_1\" name=\"wpforms[fields][122][]\" value=\"ja\" required ><label class=\"wpforms-field-label-inline\" for=\"wpforms-4999-field_122_1\">ja<\/label><\/li><li class=\"choice-2 depth-1\"><input type=\"checkbox\" id=\"wpforms-4999-field_122_2\" name=\"wpforms[fields][122][]\" value=\"nein\" required ><label class=\"wpforms-field-label-inline\" for=\"wpforms-4999-field_122_2\">nein<\/label><\/li><\/ul><\/div><div id=\"wpforms-4999-field_118-container\" class=\"wpforms-field wpforms-field-html wpforms-conditional-field wpforms-conditional-show\" data-field-id=\"118\" style=\"display:none;\"><div id=\"wpforms-4999-field_118\"><h2>Datenschutzhinweise hinsichtlich der Herstellung und Verwendung von Foto- und\/oder Videoaufnahmen gem\u00e4\u00df Art. 13 DSGVO\r\n<\/h2>\r\n<br \/>\r\n<ol>\r\n<li><strong>Name und Kontaktdaten des Verantwortlichen:<\/strong>\r\nVerantwortlich f\u00fcr die Datenverarbeitung ist\r\nMusikschule City West\r\nAndreas Lisius\r\nBerkaer Platz 1\r\n14199 Berlin\r\n(030) 9029-15514\r\nmusikschule@charlottenburg-wilmersdorf.de\r\n<\/li>\r\n<li><strong>Zweck der Verarbeitung:<\/strong>\r\nDie Fotos und\/oder Videos dienen ausschlie\u00dflich der \u00d6ffentlichkeitsarbeit des Musikschule City West.\r\n<\/li>\r\n<li><strong>Rechtsgrundlagen der Verarbeitung:<\/strong>Die Verarbeitung von Fotos und\/oder Videos (Erhebung, Speicherung und Weitergabe an Dritte (s. unter 5.) erfolgt mit ausdr\u00fccklicher Einwilligung des\/der Personensorgeberechtigten bzw. des\/der Betroffenen, mithin gem\u00e4\u00df Art. 6 Abs. 1 Buchstabe a DSGVO. Die Ver\u00f6ffentlichung ausgew\u00e4hlter Bilddateien in (Print)Publikationen der Musikschule City West sowie auf deren Homepage\/YouTube-Kanal\/Instagram-Account ist f\u00fcr die \u00d6ffentlichkeitsarbeit der Musikschule City West erforderlich und dient damit der Wahrnehmung berechtigter Interessen der Beteiligten, Art. 6 Abs. 1 Buchstabe f DSGVO.\r\n<\/li>\r\n<li><strong>Kategorien von Empf\u00e4ngerinnen bzw. Empf\u00e4ngern der personenbezogenen Daten:<\/strong>Die Fotos und\/oder Videos werden nicht an Dritte weitergegeben.\r\nZu Zwecken der \u00d6ffentlichkeitsarbeit werden sie ggf. auf der Homepage der Musikschule City West eingestellt sowie f\u00fcr den YouTube-Kanal oder den Instagram-Account der Musikschule verwendet.\r\n<\/li>\r\n<li><strong>Dauer der Speicherung der personenbezogenen Daten:<\/strong>\r\nFotos- und\/oder Videos, welche f\u00fcr die Zwecke der \u00d6ffentlichkeitsarbeit der Musikschule City West gemacht werden, werden vorbehaltlich eines Widerrufs der Einwilligung des\/der Betroffenen auf unbestimmte Zeit zweckgebunden gespeichert.\r\n<\/li>\r\n<li><strong>Widerrufsrecht bei Einwilligung:<\/strong>\r\nDie Einwilligung zur Verarbeitung der Fotos und\/oder Videos kann jederzeit f\u00fcr die Zukunft widerrufen werden. Die Rechtm\u00e4\u00dfigkeit der aufgrund der Einwilligung bis zum Widerruf erfolgten Datenverarbeitung wird durch diesen nicht ber\u00fchrt.\r\n<\/li>\r\n<li><strong>Betroffenenrechte:<\/strong>Nach der Datenschutzgrundverordnung stehen Ihnen folgende Rechte zu:\r\n<ol><li>Werden ihre personenbezogenen Daten verarbeitet, so haben sie das Recht Auskunft \u00fcber die zu ihrer Person gespeicherten Daten zu erhalten. (Art. 15 DSGVO)\r\n<\/li>\r\n<li>Sollten unrichtige personenbezogene Daten verarbeitet werden, steht Ihnen ein Recht auf Berichtigung zu. (Art. 16 DSGVO)\r\n<\/li>\r\n<li>Liegen die gesetzlichen Voraussetzungen vor, so k\u00f6nnen Sie die L\u00f6schung oder Einschr\u00e4nkung der Verarbeitung verlangen, sowie Widerspruch gegen die Verarbeitung einlegen. (Art. 17, 18, 21 DSGVO)\r\n<\/li>\r\n<li>Wenn Sie in die Datenverarbeitung eingewilligt haben oder ein Vertrag zur Datenverarbeitung besteht und die Datenverarbeitung mithilfe automatisierter Verfahren durchgef\u00fchrt wird, steht Ihnen gegebenenfalls ein Recht auf Daten\u00fcbertragbarkeit zu. (Art. 20 DSGVO)\r\n<\/li><\/ol>\r\nSollten Sie von den genannten Rechten Gebrauch machen, pr\u00fcft der\/die Verantwortliche, ob die gesetzlichen Voraussetzungen hierf\u00fcr vorliegen.\r\nWeiterhin besteht ein Beschwerderecht bei dem\/der Landesbeauftragten f\u00fcr Datenschutz des Landes Berlin.\r\n<\/li><\/ol>\r\n<\/div><\/div><div id=\"wpforms-4999-field_123-container\" class=\"wpforms-field wpforms-field-checkbox\" data-field-id=\"123\"><label class=\"wpforms-field-label\">Ich habe die Hinweise DSGVO gelesen und verstanden. <span class=\"wpforms-required-label\">*<\/span><\/label><ul id=\"wpforms-4999-field_123\" class=\"wpforms-field-required\"><li class=\"choice-1 depth-1\"><input type=\"checkbox\" id=\"wpforms-4999-field_123_1\" name=\"wpforms[fields][123][]\" value=\"ja\" required ><label class=\"wpforms-field-label-inline\" for=\"wpforms-4999-field_123_1\">ja<\/label><\/li><\/ul><\/div><div id=\"wpforms-4999-field_46-container\" class=\"wpforms-field wpforms-field-html\" data-field-id=\"46\"><div id=\"wpforms-4999-field_46\"><p style = \"font-family:arial; font-size:20px; font-style:normal; Font-weight:bold\">3. Fertigstellung der Anmeldung<\/p><\/div><\/div><div id=\"wpforms-4999-field_39-container\" class=\"wpforms-field wpforms-field-html\" data-field-id=\"39\"><div id=\"wpforms-4999-field_39\"><p style = \"font-family:arial; font-size:17px; font-style:normal; Font-weight:bold\">Kontakt zum Datenschutzbeauftragten<\/p><\/div><\/div><div id=\"wpforms-4999-field_40-container\" class=\"wpforms-field wpforms-field-html\" data-field-id=\"40\"><div id=\"wpforms-4999-field_40\"><p>\r\nBezirksamt Charlottenburg-Wilmersdorf von Berlin<br \/>\r\nAbteilung Personal und Finanzen und Wirtschaftsf\u00f6rderung<br \/>\r\nBeh\u00f6rdlicher Datenschutzbeauftragter<br \/>\r\n<strong>Alexander Hoffmeier<\/strong><br \/>\r\n<ul class=\"list--clean list--contact\">\r\n<li class=\"adress\">\r\n<div class=\"loc\">Otto-Suhr-Allee 100<br \/>\r\n10585 Berlin<\/div><\/li>\r\n<li class=\"tel\">Tel.: (030) 9029-12911<\/li>\r\n<li class=\"email\"><a href=\"mailto:datenschutz@charlottenburg-wilmersdorf.de\">E-Mail<\/a><\/li><\/ul>\r\n<a href=\"http:\/\/www.berlin.de\/ba-charlottenburg-wilmersdorf\/verwaltung\/beauftragte\/datenschutz\/\">Hinweise zum Datenschutzbeauftragten<\/a><br \/><\/p><\/div><\/div><div id=\"wpforms-4999-field_36-container\" class=\"wpforms-field wpforms-field-html\" data-field-id=\"36\"><div id=\"wpforms-4999-field_36\"><p><strong>\r\nPr\u00fcft\/Pr\u00fcfen Sie bitte die korrekte Eingabe der Daten. Dann bitte unten auf das Feld &#8220;Absenden&#8221; klicken. Es ist eine Best\u00e4tigung zu sehen, dass die Anmeldung bei der Musikschule eingegangen ist, und Ihr erhaltet\/Sie erhalten zus\u00e4tzlich eine Mail, die die Formulardaten zusammenfasst. Notfalls bitte auch im Spam-Ordner nachschauen!\r\n<\/strong>\r\n<\/p><\/div><\/div><div id=\"wpforms-4999-field_132-container\" class=\"wpforms-field wpforms-field-html\" data-field-id=\"132\"><div id=\"wpforms-4999-field_132\"><p style =\"border: 5px solid #FF0000; background-color: #fffdd0; padding: 15px; border-radius: 10px\"><span style=\"font-size:18px\"><b>\r\nAus organisatorischen Gr\u00fcnden ist es wichtig, dass Sie Ihr Kind nicht gleich zu einem der Termine schicken, sondern bitte warten, bis sich die Chorleiterin Frau Helga Delgado bei Ihnen f\u00fcr einen Schnuppertermin meldet.\r\n<\/b><\/span><\/p><\/div><\/div><div id=\"wpforms-4999-field_128-container\" class=\"wpforms-field wpforms-field-checkbox\" data-field-id=\"128\"><label class=\"wpforms-field-label\">Ich best\u00e4tige hiermit, dass alle Angaben wahrheitsgem\u00e4\u00df gemacht wurden. <span class=\"wpforms-required-label\">*<\/span><\/label><ul id=\"wpforms-4999-field_128\" class=\"wpforms-field-required\"><li class=\"choice-1 depth-1\"><input type=\"checkbox\" id=\"wpforms-4999-field_128_1\" name=\"wpforms[fields][128][]\" value=\"ja\" required ><label class=\"wpforms-field-label-inline\" for=\"wpforms-4999-field_128_1\">ja<\/label><\/li><\/ul><\/div><div id=\"wpforms-4999-field_129-container\" class=\"wpforms-field wpforms-field-text\" data-field-id=\"129\"><label class=\"wpforms-field-label\" for=\"wpforms-4999-field_129\">Berlin, den<\/label><input type=\"text\" id=\"wpforms-4999-field_129\" class=\"wpforms-field-medium wpforms-masked-input\" data-rule-inputmask-incomplete=\"1\" data-inputmask-mask=\"99.99.9999\" name=\"wpforms[fields][129]\" placeholder=\"01.01.2030\" ><\/div><\/div><!-- .wpforms-field-container --><div class=\"wpforms-field wpforms-field-hp\"><label for=\"wpforms-4999-field-hp\" class=\"wpforms-field-label\">Phone<\/label><input type=\"text\" name=\"wpforms[hp]\" id=\"wpforms-4999-field-hp\" class=\"wpforms-field-medium\"><\/div><div class=\"wpforms-submit-container\" ><input type=\"hidden\" name=\"wpforms[id]\" value=\"4999\"><input type=\"hidden\" name=\"page_title\" value=\"\"><input type=\"hidden\" name=\"page_url\" value=\"https:\/\/anmeldung.ms-cw.de\/index.php?rest_route=\/wp\/v2\/pages\/5010\"><input type=\"hidden\" name=\"url_referer\" value=\"\"><button type=\"submit\" name=\"wpforms[submit]\" id=\"wpforms-submit-4999\" class=\"wpforms-submit\" data-alt-text=\"Senden...\" data-submit-text=\"Absenden\" aria-live=\"assertive\" value=\"wpforms-submit\">Absenden<\/button><\/div><\/form><\/div>  <!-- .wpforms-container -->","protected":false},"excerpt":{"rendered":"","protected":false},"author":1,"featured_media":0,"parent":0,"menu_order":0,"comment_status":"closed","ping_status":"closed","template":"","meta":{"footnotes":""},"class_list":["post-5010","page","type-page","status-publish","hentry"],"_links":{"self":[{"href":"https:\/\/anmeldung.ms-cw.de\/index.php?rest_route=\/wp\/v2\/pages\/5010","targetHints":{"allow":["GET"]}}],"collection":[{"href":"https:\/\/anmeldung.ms-cw.de\/index.php?rest_route=\/wp\/v2\/pages"}],"about":[{"href":"https:\/\/anmeldung.ms-cw.de\/index.php?rest_route=\/wp\/v2\/types\/page"}],"author":[{"embeddable":true,"href":"https:\/\/anmeldung.ms-cw.de\/index.php?rest_route=\/wp\/v2\/users\/1"}],"replies":[{"embeddable":true,"href":"https:\/\/anmeldung.ms-cw.de\/index.php?rest_route=%2Fwp%2Fv2%2Fcomments&post=5010"}],"version-history":[{"count":2,"href":"https:\/\/anmeldung.ms-cw.de\/index.php?rest_route=\/wp\/v2\/pages\/5010\/revisions"}],"predecessor-version":[{"id":5012,"href":"https:\/\/anmeldung.ms-cw.de\/index.php?rest_route=\/wp\/v2\/pages\/5010\/revisions\/5012"}],"wp:attachment":[{"href":"https:\/\/anmeldung.ms-cw.de\/index.php?rest_route=%2Fwp%2Fv2%2Fmedia&parent=5010"}],"curies":[{"name":"wp","href":"https:\/\/api.w.org\/{rel}","templated":true}]}}