{"id":647,"date":"2021-06-15T07:13:56","date_gmt":"2021-06-15T07:13:56","guid":{"rendered":"https:\/\/anmeldung.ms-cw.de\/?page_id=647"},"modified":"2025-09-23T11:00:44","modified_gmt":"2025-09-23T09:00:44","slug":"newsletter","status":"publish","type":"page","link":"https:\/\/anmeldung.ms-cw.de\/?page_id=647","title":{"rendered":""},"content":{"rendered":"\n<div style=\"height:50px\" aria-hidden=\"true\" class=\"wp-block-spacer\"><\/div>\n\n\n<p><div class=\"tnp tnp-subscription \">\n<form method=\"post\" action=\"https:\/\/anmeldung.ms-cw.de\/wp-admin\/admin-ajax.php?action=tnp&amp;na=s\">\n<input type=\"hidden\" name=\"nlang\" value=\"\">\n<div class=\"tnp-field tnp-field-firstname\"><label for=\"tnp-1\">Name<\/label>\n<input class=\"tnp-name\" type=\"text\" name=\"nn\" id=\"tnp-1\" value=\"\" placeholder=\"\"><\/div>\n<div class=\"tnp-field tnp-field-surname\"><label for=\"tnp-2\">Nachname<\/label>\n<input class=\"tnp-surname\" type=\"text\" name=\"ns\" id=\"tnp-2\" value=\"\" placeholder=\"\"><\/div><div class=\"tnp-field tnp-field-email\"><label for=\"tnp-3\">E-Mail<\/label>\n<input class=\"tnp-email\" type=\"email\" name=\"ne\" id=\"tnp-3\" value=\"\" placeholder=\"\" required><\/div>\n<div class=\"tnp-field tnp-privacy-field\"><label><input type=\"checkbox\" name=\"ny\" required class=\"tnp-privacy\"> <a target=\"_blank\" href=\"https:\/\/www.berlin.de\/musikschule-charlottenburg-wilmersdorf\/datenschutzerklaerung.846525.php\">Indem Du fortf\u00e4hrst, akzeptierst Du unsere Datenschutzerkl\u00e4rung.<\/a><\/label><\/div><div class=\"tnp-field tnp-field-button\" style=\"text-align: left\"><input class=\"tnp-submit\" type=\"submit\" value=\"Abonnieren\" style=\"\">\n<\/div>\n<\/form>\n<\/div>\n<\/p>\n\n\n<div style=\"height:47px\" aria-hidden=\"true\" class=\"wp-block-spacer\"><\/div>\n\n\n\n<figure class=\"wp-block-image size-full\"><img loading=\"lazy\" decoding=\"async\" width=\"1920\" height=\"1080\" src=\"https:\/\/anmeldung.ms-cw.de\/wp-content\/uploads\/2025\/09\/Newsletter.gif\" alt=\"\" class=\"wp-image-4535\"\/><\/figure>\n\n\n\n<div class=\"wp-block-group alignfull is-content-justification-center\" style=\"margin-top:0;margin-bottom:0\"><div class=\"wp-block-group__inner-container is-layout-constrained wp-block-group-is-layout-constrained\">\n<div style=\"height:var(--wp--preset--spacing--20)\" aria-hidden=\"true\" class=\"wp-block-spacer\"><\/div>\n\n\n\n<div class=\"wp-block-group alignwide\"><div class=\"wp-block-group__inner-container is-layout-flow wp-block-group-is-layout-flow\">\n<div class=\"wp-block-columns alignwide are-vertically-aligned-top is-layout-flex wp-container-core-columns-is-layout-ac3ebc3b wp-block-columns-is-layout-flex\">\n<div class=\"wp-block-column is-vertically-aligned-top is-content-justification-left is-layout-constrained wp-container-core-column-is-layout-02d07192 wp-block-column-is-layout-constrained\">\n<h2 class=\"wp-block-heading\">Du m\u00f6chtest nix mehr verpassen? <\/h2>\n<\/div>\n\n\n\n<div class=\"wp-block-column is-vertically-aligned-top is-layout-flow wp-block-column-is-layout-flow\" style=\"flex-basis:40%\">\n<p>In unserem Newsletter versorgen wir dich regelm\u00e4\u00dfig mit Neuigkeiten aus der Musikschule City West \u2013 Konzertank\u00fcndigungen, R\u00fcckblicke und Berichte von Veranstaltungen, Workshops und Meisterkursen, Einblicke hinter die Kulissen und viele pers\u00f6nliche Geschichten der Menschen, die bei uns musizieren.<\/p>\n<\/div>\n<\/div>\n\n\n\n<div style=\"height:var(--wp--preset--spacing--20)\" aria-hidden=\"true\" class=\"wp-block-spacer\"><\/div>\n<\/div><\/div>\n<\/div><\/div>\n\n\n\n<div class=\"wp-block-group alignfull has-contrast-color has-text-color is-vertical is-content-justification-center is-layout-flex wp-container-core-group-is-layout-f1198d31 wp-block-group-is-layout-flex\" style=\"min-height:40vh;margin-top:0;margin-bottom:0;padding-top:var(--wp--preset--spacing--60);padding-right:var(--wp--preset--spacing--50);padding-bottom:var(--wp--preset--spacing--60);padding-left:var(--wp--preset--spacing--50)\"><div style=\"margin-bottom:6px;\" class=\"aligncenter wp-block-site-logo\"><a href=\"https:\/\/anmeldung.ms-cw.de\/\" class=\"custom-logo-link\" rel=\"home\"><img loading=\"lazy\" decoding=\"async\" width=\"178\" height=\"62\" src=\"https:\/\/anmeldung.ms-cw.de\/wp-content\/uploads\/2025\/08\/logo-musikschule-city-west-farbe-2.jpg\" class=\"custom-logo\" alt=\"Logo Musikschule City West\" srcset=\"https:\/\/anmeldung.ms-cw.de\/wp-content\/uploads\/2025\/08\/logo-musikschule-city-west-farbe-2.jpg 800w, https:\/\/anmeldung.ms-cw.de\/wp-content\/uploads\/2025\/08\/logo-musikschule-city-west-farbe-2-300x106.jpg 300w, https:\/\/anmeldung.ms-cw.de\/wp-content\/uploads\/2025\/08\/logo-musikschule-city-west-farbe-2-768x272.jpg 768w\" sizes=\"auto, (max-width: 178px) 85vw, 178px\" \/><\/a><\/div>\n\n\n<p class=\"has-text-align-center has-medium-font-size\">Musikschule City West, Berkaer Platz 1, 14199 Berlin<\/p>\n\n\n\n<p><\/p>\n<\/div>\n","protected":false},"excerpt":{"rendered":"<p>Du m\u00f6chtest nix mehr verpassen? In unserem Newsletter versorgen wir dich regelm\u00e4\u00dfig mit Neuigkeiten aus der Musikschule City West \u2013 Konzertank\u00fcndigungen, R\u00fcckblicke und Berichte von Veranstaltungen, Workshops und Meisterkursen, Einblicke hinter die Kulissen und viele pers\u00f6nliche Geschichten der Menschen, die bei uns musizieren. Musikschule City West, Berkaer Platz 1, 14199 Berlin<\/p>\n","protected":false},"author":1,"featured_media":0,"parent":0,"menu_order":0,"comment_status":"closed","ping_status":"closed","template":"","meta":{"footnotes":""},"class_list":["post-647","page","type-page","status-publish","hentry"],"_links":{"self":[{"href":"https:\/\/anmeldung.ms-cw.de\/index.php?rest_route=\/wp\/v2\/pages\/647","targetHints":{"allow":["GET"]}}],"collection":[{"href":"https:\/\/anmeldung.ms-cw.de\/index.php?rest_route=\/wp\/v2\/pages"}],"about":[{"href":"https:\/\/anmeldung.ms-cw.de\/index.php?rest_route=\/wp\/v2\/types\/page"}],"author":[{"embeddable":true,"href":"https:\/\/anmeldung.ms-cw.de\/index.php?rest_route=\/wp\/v2\/users\/1"}],"replies":[{"embeddable":true,"href":"https:\/\/anmeldung.ms-cw.de\/index.php?rest_route=%2Fwp%2Fv2%2Fcomments&post=647"}],"version-history":[{"count":16,"href":"https:\/\/anmeldung.ms-cw.de\/index.php?rest_route=\/wp\/v2\/pages\/647\/revisions"}],"predecessor-version":[{"id":4583,"href":"https:\/\/anmeldung.ms-cw.de\/index.php?rest_route=\/wp\/v2\/pages\/647\/revisions\/4583"}],"wp:attachment":[{"href":"https:\/\/anmeldung.ms-cw.de\/index.php?rest_route=%2Fwp%2Fv2%2Fmedia&parent=647"}],"curies":[{"name":"wp","href":"https:\/\/api.w.org\/{rel}","templated":true}]}}