{"id":725,"date":"2021-10-27T08:39:36","date_gmt":"2021-10-27T08:39:36","guid":{"rendered":"https:\/\/anmeldung.ms-cw.de\/?page_id=725"},"modified":"2022-10-18T20:41:19","modified_gmt":"2022-10-18T20:41:19","slug":"einverstaendniserklaerung-zu-foto-und-oder-filmaufnahmen","status":"publish","type":"page","link":"https:\/\/anmeldung.ms-cw.de\/?page_id=725","title":{"rendered":"Anmeldung und Einverst\u00e4ndnis f\u00fcr die Ver\u00f6ffentlichung von Videos f\u00fcr den Adventskalender 2022"},"content":{"rendered":"<div class=\"wp-block-image\">\n<figure class=\"aligncenter size-large is-resized\"><img loading=\"lazy\" decoding=\"async\" src=\"https:\/\/anmeldung.ms-cw.de\/wp-content\/uploads\/2020\/01\/Logo_780_280.jpg\" alt=\"\" class=\"wp-image-7\" width=\"250\" height=\"89\" srcset=\"https:\/\/anmeldung.ms-cw.de\/wp-content\/uploads\/2020\/01\/Logo_780_280.jpg 780w, https:\/\/anmeldung.ms-cw.de\/wp-content\/uploads\/2020\/01\/Logo_780_280-300x108.jpg 300w, https:\/\/anmeldung.ms-cw.de\/wp-content\/uploads\/2020\/01\/Logo_780_280-768x276.jpg 768w\" sizes=\"auto, (max-width: 250px) 85vw, 250px\" \/><\/figure>\n<\/div>\n\n<div class=\"wpforms-container wpforms-container-full wpforms-container-save-resume wpforms-block\" id=\"wpforms-728\"><form id=\"wpforms-form-728\" class=\"wpforms-validate wpforms-form\" data-formid=\"728\" method=\"post\" enctype=\"multipart\/form-data\" action=\"\/index.php?rest_route=%2Fwp%2Fv2%2Fpages%2F725\" data-token=\"cd88832b8281c8094150ae7cdd20c061\" data-token-time=\"1777713124\"><noscript class=\"wpforms-error-noscript\">Bitte aktiviere JavaScript in deinem Browser, um dieses Formular fertigzustellen.<\/noscript><div class=\"wpforms-field-container\"><div id=\"wpforms-728-field_42-container\" class=\"wpforms-field wpforms-field-html\" data-field-id=\"42\"><div id=\"wpforms-728-field_42\"><p>Hiermit melde ich mich an f\u00fcr den<\/p><p style = \"font-family:arial; font-size:20px; font-style:normal; Font-weight:bold\">Adventskalender 2022 der Musikschule City West 2022<\/p><\/div><\/div><div id=\"wpforms-728-field_11-container\" class=\"wpforms-field wpforms-field-name\" data-field-id=\"11\"><label class=\"wpforms-field-label\">Mein Name: <span class=\"wpforms-required-label\">*<\/span><\/label><div class=\"wpforms-field-row wpforms-field-large\"><div class=\"wpforms-field-row-block wpforms-first wpforms-one-half\"><input type=\"text\" id=\"wpforms-728-field_11\" class=\"wpforms-field-name-first wpforms-field-required\" name=\"wpforms[fields][11][first]\" required><label for=\"wpforms-728-field_11\" class=\"wpforms-field-sublabel after\">Vorname<\/label><\/div><div class=\"wpforms-field-row-block wpforms-one-half\"><input type=\"text\" id=\"wpforms-728-field_11-last\" class=\"wpforms-field-name-last wpforms-field-required\" name=\"wpforms[fields][11][last]\" required><label for=\"wpforms-728-field_11-last\" class=\"wpforms-field-sublabel after\">Nachname<\/label><\/div><\/div><\/div><div id=\"wpforms-728-field_45-container\" class=\"wpforms-field wpforms-field-number\" data-field-id=\"45\"><label class=\"wpforms-field-label\" for=\"wpforms-728-field_45\">Telefonnummer <span class=\"wpforms-required-label\">*<\/span><\/label><input type=\"number\" id=\"wpforms-728-field_45\" class=\"wpforms-field-medium wpforms-field-required\" name=\"wpforms[fields][45]\" step=\"any\" required><\/div><div id=\"wpforms-728-field_35-container\" class=\"wpforms-field wpforms-field-email\" data-field-id=\"35\"><label class=\"wpforms-field-label\" for=\"wpforms-728-field_35\">E-Mail, soweit vorhanden<\/label><input type=\"email\" id=\"wpforms-728-field_35\" class=\"wpforms-field-medium\" name=\"wpforms[fields][35]\" spellcheck=\"false\" ><\/div><div id=\"wpforms-728-field_46-container\" class=\"wpforms-field wpforms-field-checkbox wpforms-list-inline\" data-field-id=\"46\"><label class=\"wpforms-field-label\">Ich bin Sch\u00fclerin oder Sch\u00fcler der Musikschule City West <span class=\"wpforms-required-label\">*<\/span><\/label><ul id=\"wpforms-728-field_46\" class=\"wpforms-field-required\" data-choice-limit=\"1\"><li class=\"choice-1 depth-1\"><input type=\"checkbox\" id=\"wpforms-728-field_46_1\" data-rule-check-limit=\"true\" name=\"wpforms[fields][46][]\" value=\"ja\" required ><label class=\"wpforms-field-label-inline\" for=\"wpforms-728-field_46_1\">ja<\/label><\/li><li class=\"choice-2 depth-1\"><input type=\"checkbox\" id=\"wpforms-728-field_46_2\" data-rule-check-limit=\"true\" name=\"wpforms[fields][46][]\" value=\"nein\" required ><label class=\"wpforms-field-label-inline\" for=\"wpforms-728-field_46_2\">nein<\/label><\/li><\/ul><\/div><div id=\"wpforms-728-field_47-container\" class=\"wpforms-field wpforms-field-checkbox wpforms-list-inline wpforms-conditional-trigger\" data-field-id=\"47\"><label class=\"wpforms-field-label\">Ich spiele in dem Video in einem Ensemble der Musikschule?<\/label><ul id=\"wpforms-728-field_47\" data-choice-limit=\"1\"><li class=\"choice-1 depth-1\"><input type=\"checkbox\" id=\"wpforms-728-field_47_1\" data-rule-check-limit=\"true\" name=\"wpforms[fields][47][]\" value=\"ja\"  ><label class=\"wpforms-field-label-inline\" for=\"wpforms-728-field_47_1\">ja<\/label><\/li><li class=\"choice-2 depth-1\"><input type=\"checkbox\" id=\"wpforms-728-field_47_2\" data-rule-check-limit=\"true\" name=\"wpforms[fields][47][]\" value=\"nein\"  ><label class=\"wpforms-field-label-inline\" for=\"wpforms-728-field_47_2\">nein<\/label><\/li><\/ul><\/div><div id=\"wpforms-728-field_3-container\" class=\"wpforms-field wpforms-field-text wpforms-one-half wpforms-first\" data-field-id=\"3\"><label class=\"wpforms-field-label\" for=\"wpforms-728-field_3\">Instrument <span class=\"wpforms-required-label\">*<\/span><\/label><input type=\"text\" id=\"wpforms-728-field_3\" class=\"wpforms-field-large wpforms-field-required\" name=\"wpforms[fields][3]\" required><\/div><div id=\"wpforms-728-field_4-container\" class=\"wpforms-field wpforms-field-text wpforms-one-half wpforms-conditional-field wpforms-conditional-show\" data-field-id=\"4\" style=\"display:none;\"><label class=\"wpforms-field-label\" for=\"wpforms-728-field_4\">Lehrkraft <span class=\"wpforms-required-label\">*<\/span><\/label><input type=\"text\" id=\"wpforms-728-field_4\" class=\"wpforms-field-large wpforms-field-required\" name=\"wpforms[fields][4]\" required><\/div><div id=\"wpforms-728-field_19-container\" class=\"wpforms-field wpforms-field-email wpforms-conditional-field wpforms-conditional-show\" data-field-id=\"19\" style=\"display:none;\"><label class=\"wpforms-field-label\" for=\"wpforms-728-field_19\">E-Mail der Lehrkraft <span class=\"wpforms-required-label\">*<\/span><\/label><input type=\"email\" id=\"wpforms-728-field_19\" class=\"wpforms-field-medium wpforms-field-required\" name=\"wpforms[fields][19]\" spellcheck=\"false\" required><\/div><div id=\"wpforms-728-field_48-container\" class=\"wpforms-field wpforms-field-text wpforms-conditional-field wpforms-conditional-show\" data-field-id=\"48\" style=\"display:none;\"><label class=\"wpforms-field-label\" for=\"wpforms-728-field_48\">Name des Ensemble <span class=\"wpforms-required-label\">*<\/span><\/label><input type=\"text\" id=\"wpforms-728-field_48\" class=\"wpforms-field-medium wpforms-field-required\" name=\"wpforms[fields][48]\" required><\/div><div id=\"wpforms-728-field_49-container\" class=\"wpforms-field wpforms-field-text wpforms-conditional-field wpforms-conditional-show\" data-field-id=\"49\" style=\"display:none;\"><label class=\"wpforms-field-label\" for=\"wpforms-728-field_49\">E-Mail der Ensembleleitung <span class=\"wpforms-required-label\">*<\/span><\/label><input type=\"text\" id=\"wpforms-728-field_49\" class=\"wpforms-field-medium wpforms-field-required\" name=\"wpforms[fields][49]\" required><\/div><div id=\"wpforms-728-field_40-container\" class=\"wpforms-field wpforms-field-text\" data-field-id=\"40\"><label class=\"wpforms-field-label\" for=\"wpforms-728-field_40\">Name des St\u00fccks, das Du spielst oder singst <span class=\"wpforms-required-label\">*<\/span><\/label><input type=\"text\" id=\"wpforms-728-field_40\" class=\"wpforms-field-medium wpforms-field-required\" name=\"wpforms[fields][40]\" required><\/div><div id=\"wpforms-728-field_41-container\" class=\"wpforms-field wpforms-field-text\" data-field-id=\"41\"><label class=\"wpforms-field-label\" for=\"wpforms-728-field_41\">Name des Komponisten\/der Komponistin <span class=\"wpforms-required-label\">*<\/span><\/label><input type=\"text\" id=\"wpforms-728-field_41\" class=\"wpforms-field-medium wpforms-field-required\" name=\"wpforms[fields][41]\" required><\/div><div id=\"wpforms-728-field_20-container\" class=\"wpforms-field wpforms-field-html\" data-field-id=\"20\"><div id=\"wpforms-728-field_20\"><p>Ich erkl\u00e4re mich damit einverstanden, dass im Rahmen des <h2>Adventskalender 2022<\/h2><\/p><\/div><\/div><div id=\"wpforms-728-field_21-container\" class=\"wpforms-field wpforms-field-html\" data-field-id=\"21\"><div id=\"wpforms-728-field_21\"><p>Videos von mir zur Ver\u00f6ffentlichung<\/p><\/div><\/div><div id=\"wpforms-728-field_24-container\" class=\"wpforms-field wpforms-field-html\" data-field-id=\"24\"><div id=\"wpforms-728-field_24\"><ul>\r\n<li>auf der Homepage der Musikschule City West  www.berlin.de\/musikschule-charlottenburg-wilmersdorf<\/li>\r\n<li>auf dem YouTube-Kanal der Musikschule City West<\/li>\r\n<li>auf dem Instagram-Account der Musikschule City West<\/li><\/ul><\/div><\/div><div id=\"wpforms-728-field_25-container\" class=\"wpforms-field wpforms-field-html\" data-field-id=\"25\"><div id=\"wpforms-728-field_25\"><p>verwendet und zu diesem Zwecke auch abgespeichert werden d\u00fcrfen. Die Videos dienen ausschlie\u00dflich der \u00d6ffentlichkeitsarbeit der Musikschule City West.<\/p>\r\n<p>\r\nIch bin mir dar\u00fcber im Klaren, dass Videos im Internet von beliebigen Personen abgerufen werden k\u00f6nnen. Es kann trotz aller technischer Vorkehrungen nicht ausgeschlossen werden, dass solche Personen die Videos weiterverwenden oder an andere Personen weitergeben.\r\n<\/p><\/div><\/div><div id=\"wpforms-728-field_29-container\" class=\"wpforms-field wpforms-field-checkbox wpforms-conditional-trigger\" data-field-id=\"29\"><label class=\"wpforms-field-label\">Hinweise zur Datenschutzgrundverordnung anzeigen <span class=\"wpforms-required-label\">*<\/span><\/label><ul id=\"wpforms-728-field_29\" class=\"wpforms-field-required\" data-choice-limit=\"1\"><li class=\"choice-1 depth-1\"><input type=\"checkbox\" id=\"wpforms-728-field_29_1\" data-rule-check-limit=\"true\" name=\"wpforms[fields][29][]\" value=\"ja\" required ><label class=\"wpforms-field-label-inline\" for=\"wpforms-728-field_29_1\">ja<\/label><\/li><li class=\"choice-2 depth-1\"><input type=\"checkbox\" id=\"wpforms-728-field_29_2\" data-rule-check-limit=\"true\" name=\"wpforms[fields][29][]\" value=\"nein\" required ><label class=\"wpforms-field-label-inline\" for=\"wpforms-728-field_29_2\">nein<\/label><\/li><\/ul><\/div><div id=\"wpforms-728-field_27-container\" class=\"wpforms-field wpforms-field-html wpforms-conditional-field wpforms-conditional-show\" data-field-id=\"27\" style=\"display:none;\"><div id=\"wpforms-728-field_27\"><h2>Datenschutzhinweise hinsichtlich der Herstellung und Verwendung von Foto- und\/oder Videoaufnahmen gem\u00e4\u00df Art. 13 DSGVO\r\n<\/h2>\r\n<ol>\r\n<li><strong>Name und Kontaktdaten des Verantwortlichen:<\/strong>\r\nVerantwortlich f\u00fcr die Datenverarbeitung ist\r\nMusikschule City West\r\nAndreas Lisius\r\nBerkaer Platz 1\r\n14199 Berlin\r\n(030) 9029-15514\r\nmusikschule@charlottenburg-wilmersdorf.de\r\n<\/li>\r\n<li><strong>Zweck der Verarbeitung:<\/strong>\r\nDie Fotos und\/oder Videos dienen ausschlie\u00dflich der \u00d6ffentlichkeitsarbeit des Musikschule City West.\r\n<\/li>\r\n<li><strong>Rechtsgrundlagen der Verarbeitung:<\/strong>Die Verarbeitung von Fotos und\/oder Videos (Erhebung, Speicherung und Weitergabe an Dritte (s. unter 5.) erfolgt aufgrund ausdr\u00fccklicher Einwilligung des\/der Personensorgeberechtigten bzw. des\/der Betroffenen, mithin gem\u00e4\u00df Art. 6 Abs. 1 Buchstabe a DSGVO. Die Ver\u00f6ffentlichung ausgew\u00e4hlter Bilddateien in (Print)Publikationen der Musikschule City West sowie auf deren Homepage\/YouTube-Kanal\/Instagram-Account ist f\u00fcr die \u00d6ffentlichkeitsarbeit der Musikschule City West erforderlich und dient damit der Wahrnehmung berechtigter Interessen der Beteiligten, Art. 6 Abs. 1 Buchstabe f DSGVO.\r\n<\/li>\r\n<li><strong>Kategorien von Empf\u00e4ngerinnen bzw. Empf\u00e4ngern der personenbezogenen Daten:<\/strong>Die Fotos und\/oder Videos werden nicht an Dritte weitergegeben.\r\nZu Zwecken der \u00d6ffentlichkeitsarbeit werden sie ggf. auf der Homepage der Musikschule City West eingestellt sowie f\u00fcr den YouTube-Kanal oder den Instagram-Account der Musikschule verwendet.\r\n<\/li>\r\n<li><strong>Dauer der Speicherung der personenbezogenen Daten:<\/strong>\r\nFotos- und\/oder Videos, welche f\u00fcr die Zwecke der \u00d6ffentlichkeitsarbeit der Musikschule City West gemacht werden, werden vorbehaltlich eines Widerrufs der Einwilligung des\/der Betroffenen auf unbestimmte Zeit zweckgebunden gespeichert.\r\n<\/li>\r\n<li><strong>Widerrufsrecht bei Einwilligung:<\/strong>\r\nDie Einwilligung zur Verarbeitung der Fotos und\/oder Videos kann jederzeit f\u00fcr die Zukunft widerrufen werden. Die Rechtm\u00e4\u00dfigkeit, der aufgrund der Einwilligung bis zum Widerruf erfolgten Datenverarbeitung, wird durch diesen nicht ber\u00fchrt.\r\n<\/li>\r\n<li><strong>Betroffenenrechte:<\/strong>Nach der Datenschutzgrundverordnung stehen Ihnen folgende Rechte zu:\r\n<ol><li>Werden ihre personenbezogenen Daten verarbeitet, so haben sie das Recht Auskunft \u00fcber die zu ihrer Person gespeicherten Daten zu erhalten. (Art. 15 DSGVO)\r\n<\/li>\r\n<li>Sollten unrichtige personenbezogenen Daten verarbeitet werden, steht Ihnen ein Recht auf Berichtigung zu (Art. 16 DSGVO)\r\n<\/li>\r\n<li>Liegen die gesetzlichen Voraussetzungen vor, so k\u00f6nnen Sie die L\u00f6schung oder Einschr\u00e4nkung der Verarbeitung verlangen sowie Widerspruch gegen die Verarbeitung einlegen (Art. 17, 18, 21 DSGVO)\r\n<\/li>\r\n<li>Wenn Sie in die Datenverarbeitung eingewilligt haben oder ein Vertrag zur Datenverarbeitung besteht und die Datenverarbeitung mithilfe automatisierter Verfahren durchgef\u00fchrt wird, steht Ihnen gegebenenfalls ein Recht auf Daten\u00fcbertragbarkeit zu. (Art. 20 DSGVO)\r\n<\/li><\/ol>\r\nSollten Sie von den genannten Rechten Gebrauch machen, pr\u00fcft der\/die Verantwortliche, ob die gesetzlichen Voraussetzungen hierf\u00fcr vorliegen.\r\nWeiterhin besteht ein Beschwerderecht bei der Landesbeauftragten f\u00fcr Datenschutz des Landes Berlin.\r\n<\/li><\/ol>\r\n<\/div><\/div><div id=\"wpforms-728-field_28-container\" class=\"wpforms-field wpforms-field-checkbox\" data-field-id=\"28\"><label class=\"wpforms-field-label\">Ich habe die Hinweise gem\u00e4\u00df Art. 13 DSGVO gelesen und verstanden. <span class=\"wpforms-required-label\">*<\/span><\/label><ul id=\"wpforms-728-field_28\" class=\"wpforms-field-required\" data-choice-limit=\"1\"><li class=\"choice-1 depth-1\"><input type=\"checkbox\" id=\"wpforms-728-field_28_1\" data-rule-check-limit=\"true\" name=\"wpforms[fields][28][]\" value=\"ja\" required ><label class=\"wpforms-field-label-inline\" for=\"wpforms-728-field_28_1\">ja<\/label><\/li><li class=\"choice-2 depth-1\"><input type=\"checkbox\" id=\"wpforms-728-field_28_2\" data-rule-check-limit=\"true\" name=\"wpforms[fields][28][]\" value=\"nein\" required ><label class=\"wpforms-field-label-inline\" for=\"wpforms-728-field_28_2\">nein<\/label><\/li><\/ul><\/div><div id=\"wpforms-728-field_30-container\" class=\"wpforms-field wpforms-field-html\" data-field-id=\"30\"><div id=\"wpforms-728-field_30\"><p>Diese Einverst\u00e4ndniserkl\u00e4rung ist freiwillig und kann gegen\u00fcber der Musikschule City West jederzeit mit Wirkung f\u00fcr die Zukunft widerrufen werden. Sind die Aufnahmen im Internet verf\u00fcgbar, erfolgt die Entfernung, soweit dies der Musikschule City West m\u00f6glich ist.\r\n<\/p><\/div><\/div><div id=\"wpforms-728-field_31-container\" class=\"wpforms-field wpforms-field-checkbox wpforms-list-inline wpforms-conditional-trigger\" data-field-id=\"31\"><label class=\"wpforms-field-label\">Ich bin \u00e4lter als 16 Jahre <span class=\"wpforms-required-label\">*<\/span><\/label><ul id=\"wpforms-728-field_31\" class=\"wpforms-field-required\" data-choice-limit=\"1\"><li class=\"choice-1 depth-1\"><input type=\"checkbox\" id=\"wpforms-728-field_31_1\" data-rule-check-limit=\"true\" name=\"wpforms[fields][31][]\" value=\"ja\" required ><label class=\"wpforms-field-label-inline\" for=\"wpforms-728-field_31_1\">ja<\/label><\/li><li class=\"choice-2 depth-1\"><input type=\"checkbox\" id=\"wpforms-728-field_31_2\" data-rule-check-limit=\"true\" name=\"wpforms[fields][31][]\" value=\"nein\" required ><label class=\"wpforms-field-label-inline\" for=\"wpforms-728-field_31_2\">nein<\/label><\/li><\/ul><\/div><div id=\"wpforms-728-field_32-container\" class=\"wpforms-field wpforms-field-checkbox wpforms-conditional-field wpforms-conditional-show\" data-field-id=\"32\" style=\"display:none;\"><ul id=\"wpforms-728-field_32\" class=\"wpforms-field-required\"><li class=\"choice-1 depth-1\"><input type=\"checkbox\" id=\"wpforms-728-field_32_1\" name=\"wpforms[fields][32][]\" value=\"Ich best\u00e4tige, dass ich alle Angaben wahrheitsgem\u00e4\u00df gemacht habe.\" required ><label class=\"wpforms-field-label-inline\" for=\"wpforms-728-field_32_1\">Ich best\u00e4tige, dass ich alle Angaben wahrheitsgem\u00e4\u00df gemacht habe.<\/label><\/li><\/ul><\/div><div id=\"wpforms-728-field_33-container\" class=\"wpforms-field wpforms-field-name wpforms-conditional-field wpforms-conditional-show\" data-field-id=\"33\" style=\"display:none;\"><label class=\"wpforms-field-label\">Name der\/des Personensorgeberechtigten (bei Jugendlichen unter 16 Jahren) <span class=\"wpforms-required-label\">*<\/span><\/label><div class=\"wpforms-field-row wpforms-field-large\"><div class=\"wpforms-field-row-block wpforms-first wpforms-one-half\"><input type=\"text\" id=\"wpforms-728-field_33\" class=\"wpforms-field-name-first wpforms-field-required\" name=\"wpforms[fields][33][first]\" required><label for=\"wpforms-728-field_33\" class=\"wpforms-field-sublabel after\">Vorname<\/label><\/div><div class=\"wpforms-field-row-block wpforms-one-half\"><input type=\"text\" id=\"wpforms-728-field_33-last\" class=\"wpforms-field-name-last wpforms-field-required\" name=\"wpforms[fields][33][last]\" required><label for=\"wpforms-728-field_33-last\" class=\"wpforms-field-sublabel after\">Nachname<\/label><\/div><\/div><\/div><div id=\"wpforms-728-field_5-container\" class=\"wpforms-field wpforms-field-text wpforms-conditional-field wpforms-conditional-show\" data-field-id=\"5\" style=\"display:none;\"><label class=\"wpforms-field-label\" for=\"wpforms-728-field_5\">E-Mail <span class=\"wpforms-required-label\">*<\/span><\/label><input type=\"text\" id=\"wpforms-728-field_5\" class=\"wpforms-field-large wpforms-field-required\" name=\"wpforms[fields][5]\" required><\/div><div id=\"wpforms-728-field_43-container\" class=\"wpforms-field wpforms-field-number wpforms-conditional-field wpforms-conditional-show\" data-field-id=\"43\" style=\"display:none;\"><label class=\"wpforms-field-label\" for=\"wpforms-728-field_43\">Telefonnummer <span class=\"wpforms-required-label\">*<\/span><\/label><input type=\"number\" id=\"wpforms-728-field_43\" class=\"wpforms-field-medium wpforms-field-required\" name=\"wpforms[fields][43]\" step=\"any\" required><\/div><div id=\"wpforms-728-field_36-container\" class=\"wpforms-field wpforms-field-text\" data-field-id=\"36\"><label class=\"wpforms-field-label\" for=\"wpforms-728-field_36\">Berlin, Datum <span class=\"wpforms-required-label\">*<\/span><\/label><input type=\"text\" id=\"wpforms-728-field_36\" class=\"wpforms-field-medium wpforms-field-required wpforms-masked-input\" data-rule-inputmask-incomplete=\"1\" data-inputmask-mask=\"99.99.9999\" name=\"wpforms[fields][36]\" value=\"01.11.2022\" required><\/div><div id=\"wpforms-728-field_34-container\" class=\"wpforms-field wpforms-field-checkbox wpforms-conditional-field wpforms-conditional-show\" data-field-id=\"34\" style=\"display:none;\"><ul id=\"wpforms-728-field_34\" class=\"wpforms-field-required\"><li class=\"choice-1 depth-1\"><input type=\"checkbox\" id=\"wpforms-728-field_34_1\" name=\"wpforms[fields][34][]\" value=\"Ich best\u00e4tige, dass alle Angaben wahrheitsgem\u00e4\u00df gemacht sind.\" required ><label class=\"wpforms-field-label-inline\" for=\"wpforms-728-field_34_1\">Ich best\u00e4tige, dass alle Angaben wahrheitsgem\u00e4\u00df gemacht sind.<\/label><\/li><\/ul><\/div><\/div><!-- .wpforms-field-container --><div class=\"wpforms-submit-container\" ><input type=\"hidden\" name=\"wpforms[id]\" value=\"728\"><input type=\"hidden\" name=\"page_title\" value=\"\"><input type=\"hidden\" name=\"page_url\" value=\"https:\/\/anmeldung.ms-cw.de\/index.php?rest_route=\/wp\/v2\/pages\/725\"><input type=\"hidden\" name=\"url_referer\" value=\"\"><button type=\"submit\" name=\"wpforms[submit]\" id=\"wpforms-submit-728\" class=\"wpforms-submit\" data-alt-text=\"Senden...\" data-submit-text=\"Absenden\" aria-live=\"assertive\" value=\"wpforms-submit\">Absenden<\/button><\/div><\/form><\/div>  <!-- .wpforms-container -->\n\n\n<p><\/p>\n","protected":false},"excerpt":{"rendered":"","protected":false},"author":1,"featured_media":0,"parent":0,"menu_order":0,"comment_status":"closed","ping_status":"closed","template":"","meta":{"footnotes":""},"class_list":["post-725","page","type-page","status-publish","hentry"],"_links":{"self":[{"href":"https:\/\/anmeldung.ms-cw.de\/index.php?rest_route=\/wp\/v2\/pages\/725","targetHints":{"allow":["GET"]}}],"collection":[{"href":"https:\/\/anmeldung.ms-cw.de\/index.php?rest_route=\/wp\/v2\/pages"}],"about":[{"href":"https:\/\/anmeldung.ms-cw.de\/index.php?rest_route=\/wp\/v2\/types\/page"}],"author":[{"embeddable":true,"href":"https:\/\/anmeldung.ms-cw.de\/index.php?rest_route=\/wp\/v2\/users\/1"}],"replies":[{"embeddable":true,"href":"https:\/\/anmeldung.ms-cw.de\/index.php?rest_route=%2Fwp%2Fv2%2Fcomments&post=725"}],"version-history":[{"count":7,"href":"https:\/\/anmeldung.ms-cw.de\/index.php?rest_route=\/wp\/v2\/pages\/725\/revisions"}],"predecessor-version":[{"id":1433,"href":"https:\/\/anmeldung.ms-cw.de\/index.php?rest_route=\/wp\/v2\/pages\/725\/revisions\/1433"}],"wp:attachment":[{"href":"https:\/\/anmeldung.ms-cw.de\/index.php?rest_route=%2Fwp%2Fv2%2Fmedia&parent=725"}],"curies":[{"name":"wp","href":"https:\/\/api.w.org\/{rel}","templated":true}]}}